{"id":5015,"date":"2025-11-29T17:39:21","date_gmt":"2025-11-29T16:39:21","guid":{"rendered":"https:\/\/lafontanageraci.it\/?post_type=product&#038;p=5015"},"modified":"2025-11-29T17:41:52","modified_gmt":"2025-11-29T16:41:52","slug":"gin-elisir-del-carabiniere","status":"publish","type":"product","link":"https:\/\/lafontanageraci.it\/en\/product\/gin-elisir-del-carabiniere\/","title":{"rendered":"Gin Elisir del Carabiniere"},"content":{"rendered":"","protected":false},"excerpt":{"rendered":"<p><strong>Gin &#8211; bottiglia di vetro da 700 ml.<\/strong><\/p>\n<p>Prodotto con botaniche dai sentori aromatici e delicati.<br \/>\nIl risultato \u00e8 un gin elegante, profumato e dalla grande intensit\u00e0 aromatica.<br \/>\nSia per un gin tonic rinfrescante che per un cocktail creativo, il gin Elisir del Carabiniere \u00e8 l&#8217;ingrediente che fa la differenza.<\/p>","protected":false},"featured_media":4952,"comment_status":"open","ping_status":"closed","template":"","meta":[],"product_brand":[],"product_cat":[586],"product_tag":[267,268,587,589,588],"woo-feed-brand":[],"class_list":{"0":"post-5015","1":"product","2":"type-product","3":"status-publish","4":"has-post-thumbnail","6":"product_cat-gin","7":"product_tag-amaro-del-carabiniere","8":"product_tag-elisir-del-carabiniere","9":"product_tag-gin","10":"product_tag-gin-elisir-del-carabiniere","11":"product_tag-gin-tonic","13":"first","14":"instock","15":"sale","16":"featured","17":"taxable","18":"shipping-taxable","19":"purchasable","20":"product-type-simple"},"yoast_head":"<!-- This site is optimized with the Yoast SEO plugin v27.1.1 - https:\/\/yoast.com\/product\/yoast-seo-wordpress\/ -->\n<title>Gin Elisir del Carabiniere - Azienda La Fontana di Geraci Siculo<\/title>\n<meta name=\"robots\" content=\"index, follow, max-snippet:-1, max-image-preview:large, max-video-preview:-1\" \/>\n<link rel=\"canonical\" href=\"https:\/\/lafontanageraci.it\/en\/product\/gin-elisir-del-carabiniere\/\" \/>\n<meta property=\"og:locale\" content=\"en_GB\" \/>\n<meta property=\"og:type\" content=\"article\" \/>\n<meta property=\"og:title\" content=\"Gin Elisir del Carabiniere - Azienda La Fontana di Geraci Siculo\" \/>\n<meta property=\"og:description\" content=\"Gin - bottiglia di vetro da 700 ml.  Prodotto con botaniche dai sentori aromatici e delicati. Il risultato \u00e8 un gin elegante, profumato e dalla grande intensit\u00e0 aromatica. Sia per un gin tonic rinfrescante che per un cocktail creativo, il gin Elisir del Carabiniere \u00e8 l&#039;ingrediente che fa la differenza.\" \/>\n<meta property=\"og:url\" content=\"https:\/\/lafontanageraci.it\/en\/product\/gin-elisir-del-carabiniere\/\" \/>\n<meta property=\"og:site_name\" content=\"Azienda La Fontana di Geraci Siculo\" \/>\n<meta property=\"article:publisher\" content=\"https:\/\/www.facebook.com\/lafontanageraci\/\" \/>\n<meta property=\"article:modified_time\" content=\"2025-11-29T16:41:52+00:00\" \/>\n<meta property=\"og:image\" content=\"https:\/\/lafontanageraci.it\/wordpress\/wp-content\/uploads\/2025\/10\/gin-elisir-del-carabiniere.jpg\" \/>\n\t<meta property=\"og:image:width\" content=\"1200\" \/>\n\t<meta property=\"og:image:height\" content=\"1200\" \/>\n\t<meta property=\"og:image:type\" content=\"image\/jpeg\" \/>\n<meta name=\"twitter:card\" content=\"summary_large_image\" \/>\n<meta name=\"twitter:label1\" content=\"Estimated reading time\" \/>\n\t<meta name=\"twitter:data1\" content=\"1 minute\" \/>\n<script type=\"application\/ld+json\" class=\"yoast-schema-graph\">{\"@context\":\"https:\/\/schema.org\",\"@graph\":[{\"@type\":\"WebPage\",\"@id\":\"https:\/\/lafontanageraci.it\/product\/gin-elisir-del-carabiniere\/\",\"url\":\"https:\/\/lafontanageraci.it\/product\/gin-elisir-del-carabiniere\/\",\"name\":\"Gin Elisir del Carabiniere - Azienda La Fontana di Geraci Siculo\",\"isPartOf\":{\"@id\":\"https:\/\/lafontanageraci.it\/#website\"},\"primaryImageOfPage\":{\"@id\":\"https:\/\/lafontanageraci.it\/product\/gin-elisir-del-carabiniere\/#primaryimage\"},\"image\":{\"@id\":\"https:\/\/lafontanageraci.it\/product\/gin-elisir-del-carabiniere\/#primaryimage\"},\"thumbnailUrl\":\"https:\/\/lafontanageraci.it\/wordpress\/wp-content\/uploads\/2025\/10\/gin-elisir-del-carabiniere.jpg\",\"datePublished\":\"2025-11-29T16:39:21+00:00\",\"dateModified\":\"2025-11-29T16:41:52+00:00\",\"breadcrumb\":{\"@id\":\"https:\/\/lafontanageraci.it\/product\/gin-elisir-del-carabiniere\/#breadcrumb\"},\"inLanguage\":\"en-GB\",\"potentialAction\":[{\"@type\":\"ReadAction\",\"target\":[\"https:\/\/lafontanageraci.it\/product\/gin-elisir-del-carabiniere\/\"]}]},{\"@type\":\"ImageObject\",\"inLanguage\":\"en-GB\",\"@id\":\"https:\/\/lafontanageraci.it\/product\/gin-elisir-del-carabiniere\/#primaryimage\",\"url\":\"https:\/\/lafontanageraci.it\/wordpress\/wp-content\/uploads\/2025\/10\/gin-elisir-del-carabiniere.jpg\",\"contentUrl\":\"https:\/\/lafontanageraci.it\/wordpress\/wp-content\/uploads\/2025\/10\/gin-elisir-del-carabiniere.jpg\",\"width\":1200,\"height\":1200},{\"@type\":\"BreadcrumbList\",\"@id\":\"https:\/\/lafontanageraci.it\/product\/gin-elisir-del-carabiniere\/#breadcrumb\",\"itemListElement\":[{\"@type\":\"ListItem\",\"position\":1,\"name\":\"Home\",\"item\":\"https:\/\/lafontanageraci.it\/\"},{\"@type\":\"ListItem\",\"position\":2,\"name\":\"Shop\",\"item\":\"https:\/\/lafontanageraci.it\/negozio\/\"},{\"@type\":\"ListItem\",\"position\":3,\"name\":\"Gin Elisir del Carabiniere\"}]},{\"@type\":\"WebSite\",\"@id\":\"https:\/\/lafontanageraci.it\/#website\",\"url\":\"https:\/\/lafontanageraci.it\/\",\"name\":\"Azienda La Fontana di Geraci Siculo\",\"description\":\"Produzione e imbottigliamento Bevande di fantasia a base di vino di qualit\u00e0 superiore\",\"potentialAction\":[{\"@type\":\"SearchAction\",\"target\":{\"@type\":\"EntryPoint\",\"urlTemplate\":\"https:\/\/lafontanageraci.it\/?s={search_term_string}\"},\"query-input\":{\"@type\":\"PropertyValueSpecification\",\"valueRequired\":true,\"valueName\":\"search_term_string\"}}],\"inLanguage\":\"en-GB\"}]}<\/script>\n<!-- \/ Yoast SEO plugin. -->","yoast_head_json":{"title":"Gin Elisir del Carabiniere - Azienda La Fontana di Geraci Siculo","robots":{"index":"index","follow":"follow","max-snippet":"max-snippet:-1","max-image-preview":"max-image-preview:large","max-video-preview":"max-video-preview:-1"},"canonical":"https:\/\/lafontanageraci.it\/en\/product\/gin-elisir-del-carabiniere\/","og_locale":"en_GB","og_type":"article","og_title":"Gin Elisir del Carabiniere - Azienda La Fontana di Geraci Siculo","og_description":"Gin - bottiglia di vetro da 700 ml.  Prodotto con botaniche dai sentori aromatici e delicati. Il risultato \u00e8 un gin elegante, profumato e dalla grande intensit\u00e0 aromatica. Sia per un gin tonic rinfrescante che per un cocktail creativo, il gin Elisir del Carabiniere \u00e8 l'ingrediente che fa la differenza.","og_url":"https:\/\/lafontanageraci.it\/en\/product\/gin-elisir-del-carabiniere\/","og_site_name":"Azienda La Fontana di Geraci Siculo","article_publisher":"https:\/\/www.facebook.com\/lafontanageraci\/","article_modified_time":"2025-11-29T16:41:52+00:00","og_image":[{"width":1200,"height":1200,"url":"https:\/\/lafontanageraci.it\/wordpress\/wp-content\/uploads\/2025\/10\/gin-elisir-del-carabiniere.jpg","type":"image\/jpeg"}],"twitter_card":"summary_large_image","twitter_misc":{"Estimated reading time":"1 minute"},"schema":{"@context":"https:\/\/schema.org","@graph":[{"@type":"WebPage","@id":"https:\/\/lafontanageraci.it\/product\/gin-elisir-del-carabiniere\/","url":"https:\/\/lafontanageraci.it\/product\/gin-elisir-del-carabiniere\/","name":"Gin Elisir del Carabiniere - Azienda La Fontana di Geraci Siculo","isPartOf":{"@id":"https:\/\/lafontanageraci.it\/#website"},"primaryImageOfPage":{"@id":"https:\/\/lafontanageraci.it\/product\/gin-elisir-del-carabiniere\/#primaryimage"},"image":{"@id":"https:\/\/lafontanageraci.it\/product\/gin-elisir-del-carabiniere\/#primaryimage"},"thumbnailUrl":"https:\/\/lafontanageraci.it\/wordpress\/wp-content\/uploads\/2025\/10\/gin-elisir-del-carabiniere.jpg","datePublished":"2025-11-29T16:39:21+00:00","dateModified":"2025-11-29T16:41:52+00:00","breadcrumb":{"@id":"https:\/\/lafontanageraci.it\/product\/gin-elisir-del-carabiniere\/#breadcrumb"},"inLanguage":"en-GB","potentialAction":[{"@type":"ReadAction","target":["https:\/\/lafontanageraci.it\/product\/gin-elisir-del-carabiniere\/"]}]},{"@type":"ImageObject","inLanguage":"en-GB","@id":"https:\/\/lafontanageraci.it\/product\/gin-elisir-del-carabiniere\/#primaryimage","url":"https:\/\/lafontanageraci.it\/wordpress\/wp-content\/uploads\/2025\/10\/gin-elisir-del-carabiniere.jpg","contentUrl":"https:\/\/lafontanageraci.it\/wordpress\/wp-content\/uploads\/2025\/10\/gin-elisir-del-carabiniere.jpg","width":1200,"height":1200},{"@type":"BreadcrumbList","@id":"https:\/\/lafontanageraci.it\/product\/gin-elisir-del-carabiniere\/#breadcrumb","itemListElement":[{"@type":"ListItem","position":1,"name":"Home","item":"https:\/\/lafontanageraci.it\/"},{"@type":"ListItem","position":2,"name":"Shop","item":"https:\/\/lafontanageraci.it\/negozio\/"},{"@type":"ListItem","position":3,"name":"Gin Elisir del Carabiniere"}]},{"@type":"WebSite","@id":"https:\/\/lafontanageraci.it\/#website","url":"https:\/\/lafontanageraci.it\/","name":"Azienda La Fontana di Geraci Siculo","description":"Produzione e imbottigliamento Bevande di fantasia a base di vino di qualit\u00e0 superiore","potentialAction":[{"@type":"SearchAction","target":{"@type":"EntryPoint","urlTemplate":"https:\/\/lafontanageraci.it\/?s={search_term_string}"},"query-input":{"@type":"PropertyValueSpecification","valueRequired":true,"valueName":"search_term_string"}}],"inLanguage":"en-GB"}]}},"_links":{"self":[{"href":"https:\/\/lafontanageraci.it\/en\/wp-json\/wp\/v2\/product\/5015","targetHints":{"allow":["GET"]}}],"collection":[{"href":"https:\/\/lafontanageraci.it\/en\/wp-json\/wp\/v2\/product"}],"about":[{"href":"https:\/\/lafontanageraci.it\/en\/wp-json\/wp\/v2\/types\/product"}],"replies":[{"embeddable":true,"href":"https:\/\/lafontanageraci.it\/en\/wp-json\/wp\/v2\/comments?post=5015"}],"wp:featuredmedia":[{"embeddable":true,"href":"https:\/\/lafontanageraci.it\/en\/wp-json\/wp\/v2\/media\/4952"}],"wp:attachment":[{"href":"https:\/\/lafontanageraci.it\/en\/wp-json\/wp\/v2\/media?parent=5015"}],"wp:term":[{"taxonomy":"product_brand","embeddable":true,"href":"https:\/\/lafontanageraci.it\/en\/wp-json\/wp\/v2\/product_brand?post=5015"},{"taxonomy":"product_cat","embeddable":true,"href":"https:\/\/lafontanageraci.it\/en\/wp-json\/wp\/v2\/product_cat?post=5015"},{"taxonomy":"product_tag","embeddable":true,"href":"https:\/\/lafontanageraci.it\/en\/wp-json\/wp\/v2\/product_tag?post=5015"},{"taxonomy":"woo-feed-brand","embeddable":true,"href":"https:\/\/lafontanageraci.it\/en\/wp-json\/wp\/v2\/woo-feed-brand?post=5015"}],"curies":[{"name":"wp","href":"https:\/\/api.w.org\/{rel}","templated":true}]}}