{"id":4527,"date":"2023-02-21T12:53:07","date_gmt":"2023-02-21T11:53:07","guid":{"rendered":"https:\/\/lafontanageraci.it\/?post_type=product&#038;p=4527"},"modified":"2025-10-20T16:57:41","modified_gmt":"2025-10-20T14:57:41","slug":"soluzione-di-mannitolo","status":"publish","type":"product","link":"https:\/\/lafontanageraci.it\/en\/product\/soluzione-di-mannitolo\/","title":{"rendered":"Soluzione di Mannitolo"},"content":{"rendered":"","protected":false},"excerpt":{"rendered":"<p>Soluzione di mannitolo &#8211; flacone da 90ml<\/p>\n<p><strong>La mannite da fruttosio, meglio nota come D &#8211; mannitolo, si presenta sotto forma di polvere bianca. Per poterla utilizzare bisogna scioglierla in acqua. \u00c8 conosciuta e apprezzata fin dall&#8217;antichit\u00e0 per le sue virt\u00f9 salutari e naturali, \u00e8 utilizzata come rinfrescante e regolatore intestinale. L&#8217;Azienda &#8220;LA FONTANA&#8221; la trasforma in &#8220;SOLUZIONE DI MANNITOLO&#8221; in acqua minerale naturale oligominerale, cos\u00ec \u00e8 gi\u00e0 pronta all\u2019uso.<\/strong><\/p>\n<p><strong>Ingredients:<\/strong> *acqua, mannitolo 20%, acidificante acido tartarico E334.<br \/>\n*acqua oligominerale<\/p>","protected":false},"featured_media":4528,"comment_status":"open","ping_status":"closed","template":"","meta":[],"product_brand":[],"product_cat":[15,64],"product_tag":[80,234,235,81,82,83,146,230,214,232,229,233,225,572,224,231,573,236],"woo-feed-brand":[],"class_list":{"0":"post-4527","1":"product","2":"type-product","3":"status-publish","4":"has-post-thumbnail","6":"product_cat-cosmesi","7":"product_cat-manna","8":"product_tag-castelbuono","9":"product_tag-cose-la-manna","10":"product_tag-cosa-fare-con-la-manna","11":"product_tag-geraci-siculo","12":"product_tag-la-fontana-di-corradino-franco","13":"product_tag-la-fontana-geraci","14":"product_tag-manna","15":"product_tag-manna-castelbuono","16":"product_tag-manna-delle-madonie","17":"product_tag-manna-disciolta","18":"product_tag-manna-online","19":"product_tag-manna-proprieta","20":"product_tag-manna-pura","21":"product_tag-mannitolo","22":"product_tag-proprieta-manna","23":"product_tag-soluzione-di-manna","24":"product_tag-soluzione-di-mannitolo","25":"product_tag-soluzione-manna-castelbuono","27":"first","28":"instock","29":"taxable","30":"shipping-taxable","31":"purchasable","32":"product-type-simple"},"yoast_head":"<!-- This site is optimized with the Yoast SEO plugin v27.1.1 - https:\/\/yoast.com\/product\/yoast-seo-wordpress\/ -->\n<title>Soluzione di Mannitolo - Azienda La Fontana di Geraci Siculo<\/title>\n<meta name=\"robots\" content=\"index, follow, max-snippet:-1, max-image-preview:large, max-video-preview:-1\" \/>\n<link rel=\"canonical\" href=\"https:\/\/lafontanageraci.it\/en\/product\/soluzione-di-mannitolo\/\" \/>\n<meta property=\"og:locale\" content=\"en_GB\" \/>\n<meta property=\"og:type\" content=\"article\" \/>\n<meta property=\"og:title\" content=\"Soluzione di Mannitolo - Azienda La Fontana di Geraci Siculo\" \/>\n<meta property=\"og:description\" content=\"Soluzione di mannitolo - flacone da 90ml  La mannite da fruttosio, meglio nota come D - mannitolo, si presenta sotto forma di polvere bianca. Per poterla utilizzare bisogna scioglierla in acqua. \u00c8 conosciuta e apprezzata fin dall&#039;antichit\u00e0 per le sue virt\u00f9 salutari e naturali, \u00e8 utilizzata come rinfrescante e regolatore intestinale. L&#039;Azienda &quot;LA FONTANA&quot; la trasforma in &quot;SOLUZIONE DI MANNITOLO&quot; in acqua minerale naturale oligominerale, cos\u00ec \u00e8 gi\u00e0 pronta all\u2019uso.  Ingredienti: *acqua, mannitolo 20%, acidificante acido tartarico E334. *acqua oligominerale\" \/>\n<meta property=\"og:url\" content=\"https:\/\/lafontanageraci.it\/en\/product\/soluzione-di-mannitolo\/\" \/>\n<meta property=\"og:site_name\" content=\"Azienda La Fontana di Geraci Siculo\" \/>\n<meta property=\"article:publisher\" content=\"https:\/\/www.facebook.com\/lafontanageraci\/\" \/>\n<meta property=\"article:modified_time\" content=\"2025-10-20T14:57:41+00:00\" \/>\n<meta property=\"og:image\" content=\"https:\/\/lafontanageraci.it\/wordpress\/wp-content\/uploads\/2023\/02\/soluzione-di-mannitolo-la-fontana-geraci.jpg\" \/>\n\t<meta property=\"og:image:width\" content=\"850\" \/>\n\t<meta property=\"og:image:height\" content=\"850\" \/>\n\t<meta property=\"og:image:type\" content=\"image\/jpeg\" \/>\n<meta name=\"twitter:card\" content=\"summary_large_image\" \/>\n<script type=\"application\/ld+json\" class=\"yoast-schema-graph\">{\"@context\":\"https:\/\/schema.org\",\"@graph\":[{\"@type\":\"WebPage\",\"@id\":\"https:\/\/lafontanageraci.it\/product\/soluzione-di-mannitolo\/\",\"url\":\"https:\/\/lafontanageraci.it\/product\/soluzione-di-mannitolo\/\",\"name\":\"Soluzione di Mannitolo - Azienda La Fontana di Geraci Siculo\",\"isPartOf\":{\"@id\":\"https:\/\/lafontanageraci.it\/#website\"},\"primaryImageOfPage\":{\"@id\":\"https:\/\/lafontanageraci.it\/product\/soluzione-di-mannitolo\/#primaryimage\"},\"image\":{\"@id\":\"https:\/\/lafontanageraci.it\/product\/soluzione-di-mannitolo\/#primaryimage\"},\"thumbnailUrl\":\"https:\/\/lafontanageraci.it\/wordpress\/wp-content\/uploads\/2023\/02\/soluzione-di-mannitolo-la-fontana-geraci.jpg\",\"datePublished\":\"2023-02-21T11:53:07+00:00\",\"dateModified\":\"2025-10-20T14:57:41+00:00\",\"breadcrumb\":{\"@id\":\"https:\/\/lafontanageraci.it\/product\/soluzione-di-mannitolo\/#breadcrumb\"},\"inLanguage\":\"en-GB\",\"potentialAction\":[{\"@type\":\"ReadAction\",\"target\":[\"https:\/\/lafontanageraci.it\/product\/soluzione-di-mannitolo\/\"]}]},{\"@type\":\"ImageObject\",\"inLanguage\":\"en-GB\",\"@id\":\"https:\/\/lafontanageraci.it\/product\/soluzione-di-mannitolo\/#primaryimage\",\"url\":\"https:\/\/lafontanageraci.it\/wordpress\/wp-content\/uploads\/2023\/02\/soluzione-di-mannitolo-la-fontana-geraci.jpg\",\"contentUrl\":\"https:\/\/lafontanageraci.it\/wordpress\/wp-content\/uploads\/2023\/02\/soluzione-di-mannitolo-la-fontana-geraci.jpg\",\"width\":850,\"height\":850},{\"@type\":\"BreadcrumbList\",\"@id\":\"https:\/\/lafontanageraci.it\/product\/soluzione-di-mannitolo\/#breadcrumb\",\"itemListElement\":[{\"@type\":\"ListItem\",\"position\":1,\"name\":\"Home\",\"item\":\"https:\/\/lafontanageraci.it\/\"},{\"@type\":\"ListItem\",\"position\":2,\"name\":\"Shop\",\"item\":\"https:\/\/lafontanageraci.it\/negozio\/\"},{\"@type\":\"ListItem\",\"position\":3,\"name\":\"Soluzione di Mannitolo\"}]},{\"@type\":\"WebSite\",\"@id\":\"https:\/\/lafontanageraci.it\/#website\",\"url\":\"https:\/\/lafontanageraci.it\/\",\"name\":\"Azienda La Fontana di Geraci Siculo\",\"description\":\"Produzione e imbottigliamento Bevande di fantasia a base di vino di qualit\u00e0 superiore\",\"potentialAction\":[{\"@type\":\"SearchAction\",\"target\":{\"@type\":\"EntryPoint\",\"urlTemplate\":\"https:\/\/lafontanageraci.it\/?s={search_term_string}\"},\"query-input\":{\"@type\":\"PropertyValueSpecification\",\"valueRequired\":true,\"valueName\":\"search_term_string\"}}],\"inLanguage\":\"en-GB\"}]}<\/script>\n<!-- \/ Yoast SEO plugin. -->","yoast_head_json":{"title":"Soluzione di Mannitolo - Azienda La Fontana di Geraci Siculo","robots":{"index":"index","follow":"follow","max-snippet":"max-snippet:-1","max-image-preview":"max-image-preview:large","max-video-preview":"max-video-preview:-1"},"canonical":"https:\/\/lafontanageraci.it\/en\/product\/soluzione-di-mannitolo\/","og_locale":"en_GB","og_type":"article","og_title":"Soluzione di Mannitolo - Azienda La Fontana di Geraci Siculo","og_description":"Soluzione di mannitolo - flacone da 90ml  La mannite da fruttosio, meglio nota come D - mannitolo, si presenta sotto forma di polvere bianca. Per poterla utilizzare bisogna scioglierla in acqua. \u00c8 conosciuta e apprezzata fin dall'antichit\u00e0 per le sue virt\u00f9 salutari e naturali, \u00e8 utilizzata come rinfrescante e regolatore intestinale. L'Azienda \"LA FONTANA\" la trasforma in \"SOLUZIONE DI MANNITOLO\" in acqua minerale naturale oligominerale, cos\u00ec \u00e8 gi\u00e0 pronta all\u2019uso.  Ingredienti: *acqua, mannitolo 20%, acidificante acido tartarico E334. *acqua oligominerale","og_url":"https:\/\/lafontanageraci.it\/en\/product\/soluzione-di-mannitolo\/","og_site_name":"Azienda La Fontana di Geraci Siculo","article_publisher":"https:\/\/www.facebook.com\/lafontanageraci\/","article_modified_time":"2025-10-20T14:57:41+00:00","og_image":[{"width":850,"height":850,"url":"https:\/\/lafontanageraci.it\/wordpress\/wp-content\/uploads\/2023\/02\/soluzione-di-mannitolo-la-fontana-geraci.jpg","type":"image\/jpeg"}],"twitter_card":"summary_large_image","schema":{"@context":"https:\/\/schema.org","@graph":[{"@type":"WebPage","@id":"https:\/\/lafontanageraci.it\/product\/soluzione-di-mannitolo\/","url":"https:\/\/lafontanageraci.it\/product\/soluzione-di-mannitolo\/","name":"Soluzione di Mannitolo - Azienda La Fontana di Geraci Siculo","isPartOf":{"@id":"https:\/\/lafontanageraci.it\/#website"},"primaryImageOfPage":{"@id":"https:\/\/lafontanageraci.it\/product\/soluzione-di-mannitolo\/#primaryimage"},"image":{"@id":"https:\/\/lafontanageraci.it\/product\/soluzione-di-mannitolo\/#primaryimage"},"thumbnailUrl":"https:\/\/lafontanageraci.it\/wordpress\/wp-content\/uploads\/2023\/02\/soluzione-di-mannitolo-la-fontana-geraci.jpg","datePublished":"2023-02-21T11:53:07+00:00","dateModified":"2025-10-20T14:57:41+00:00","breadcrumb":{"@id":"https:\/\/lafontanageraci.it\/product\/soluzione-di-mannitolo\/#breadcrumb"},"inLanguage":"en-GB","potentialAction":[{"@type":"ReadAction","target":["https:\/\/lafontanageraci.it\/product\/soluzione-di-mannitolo\/"]}]},{"@type":"ImageObject","inLanguage":"en-GB","@id":"https:\/\/lafontanageraci.it\/product\/soluzione-di-mannitolo\/#primaryimage","url":"https:\/\/lafontanageraci.it\/wordpress\/wp-content\/uploads\/2023\/02\/soluzione-di-mannitolo-la-fontana-geraci.jpg","contentUrl":"https:\/\/lafontanageraci.it\/wordpress\/wp-content\/uploads\/2023\/02\/soluzione-di-mannitolo-la-fontana-geraci.jpg","width":850,"height":850},{"@type":"BreadcrumbList","@id":"https:\/\/lafontanageraci.it\/product\/soluzione-di-mannitolo\/#breadcrumb","itemListElement":[{"@type":"ListItem","position":1,"name":"Home","item":"https:\/\/lafontanageraci.it\/"},{"@type":"ListItem","position":2,"name":"Shop","item":"https:\/\/lafontanageraci.it\/negozio\/"},{"@type":"ListItem","position":3,"name":"Soluzione di Mannitolo"}]},{"@type":"WebSite","@id":"https:\/\/lafontanageraci.it\/#website","url":"https:\/\/lafontanageraci.it\/","name":"Azienda La Fontana di Geraci Siculo","description":"Produzione e imbottigliamento Bevande di fantasia a base di vino di qualit\u00e0 superiore","potentialAction":[{"@type":"SearchAction","target":{"@type":"EntryPoint","urlTemplate":"https:\/\/lafontanageraci.it\/?s={search_term_string}"},"query-input":{"@type":"PropertyValueSpecification","valueRequired":true,"valueName":"search_term_string"}}],"inLanguage":"en-GB"}]}},"_links":{"self":[{"href":"https:\/\/lafontanageraci.it\/en\/wp-json\/wp\/v2\/product\/4527","targetHints":{"allow":["GET"]}}],"collection":[{"href":"https:\/\/lafontanageraci.it\/en\/wp-json\/wp\/v2\/product"}],"about":[{"href":"https:\/\/lafontanageraci.it\/en\/wp-json\/wp\/v2\/types\/product"}],"replies":[{"embeddable":true,"href":"https:\/\/lafontanageraci.it\/en\/wp-json\/wp\/v2\/comments?post=4527"}],"wp:featuredmedia":[{"embeddable":true,"href":"https:\/\/lafontanageraci.it\/en\/wp-json\/wp\/v2\/media\/4528"}],"wp:attachment":[{"href":"https:\/\/lafontanageraci.it\/en\/wp-json\/wp\/v2\/media?parent=4527"}],"wp:term":[{"taxonomy":"product_brand","embeddable":true,"href":"https:\/\/lafontanageraci.it\/en\/wp-json\/wp\/v2\/product_brand?post=4527"},{"taxonomy":"product_cat","embeddable":true,"href":"https:\/\/lafontanageraci.it\/en\/wp-json\/wp\/v2\/product_cat?post=4527"},{"taxonomy":"product_tag","embeddable":true,"href":"https:\/\/lafontanageraci.it\/en\/wp-json\/wp\/v2\/product_tag?post=4527"},{"taxonomy":"woo-feed-brand","embeddable":true,"href":"https:\/\/lafontanageraci.it\/en\/wp-json\/wp\/v2\/woo-feed-brand?post=4527"}],"curies":[{"name":"wp","href":"https:\/\/api.w.org\/{rel}","templated":true}]}}