{"id":4485,"date":"2022-12-31T14:46:11","date_gmt":"2022-12-31T13:46:11","guid":{"rendered":"https:\/\/lafontanageraci.it\/?post_type=product&#038;p=4485"},"modified":"2025-11-04T22:56:18","modified_gmt":"2025-11-04T21:56:18","slug":"6-bottiglie-amaro-elisir-del-carabiniere-spedizione-omaggio","status":"publish","type":"product","link":"https:\/\/lafontanageraci.it\/en\/product\/6-bottiglie-amaro-elisir-del-carabiniere-spedizione-omaggio\/","title":{"rendered":"6 bottiglie Amaro Elisir del Carabiniere + spedizione OMAGGIO"},"content":{"rendered":"","protected":false},"excerpt":{"rendered":"<p><strong>PACCO CONVENIENZA:<\/strong> 6 bottiglie Amaro Elisir del Carabiniere a scelta + spedizione OMAGGIO.<\/p>\n<p>Scegli il tuo Amaro della linea Elisir del Carabiniere (indica le quantit\u00e0 per tipologia al momento del perfezionamento dell&#8217;acquisto nel carrello nel riquadro &#8220;Note sull&#8217;ordine&#8221;)<\/p>\n<p>Dalla ricerca di ingredienti rigorosamente selezionati, nonch\u00e9 dalla passione di offrire un prodotto veramente genuino, nasce questo squisito Amaro Elisir del Carabiniere, inconfondibile per gusto e fragranza. Da oggi anche al caff\u00e8.<\/p>\n<p>Elisir del Carabiniere is a registered trademark owned by \"La Fontana di Corradino Franco\".<\/p>","protected":false},"featured_media":4958,"comment_status":"open","ping_status":"closed","template":"","meta":[],"product_brand":[],"product_cat":[66,277],"product_tag":[208,267,537,535,269,534,268,536],"woo-feed-brand":[],"class_list":{"0":"post-4485","1":"product","2":"type-product","3":"status-publish","4":"has-post-thumbnail","6":"product_cat-amari","7":"product_cat-elisir-carabiniere-pack","8":"product_tag-amaro-alle-erbe","9":"product_tag-amaro-del-carabiniere","10":"product_tag-amaro-del-carabiniere-costo","11":"product_tag-amaro-del-carabiniere-vendita-online","12":"product_tag-amaro-siciliano","13":"product_tag-dove-comprare-lamaro-del-carabiniere","14":"product_tag-elisir-del-carabiniere","15":"product_tag-liquore-amaro-del-carabiniere","17":"first","18":"instock","19":"sale","20":"taxable","21":"shipping-taxable","22":"purchasable","23":"product-type-simple"},"yoast_head":"<!-- This site is optimized with the Yoast SEO plugin v27.1.1 - https:\/\/yoast.com\/product\/yoast-seo-wordpress\/ -->\n<title>6 bottiglie Amaro Elisir del Carabiniere + spedizione OMAGGIO - Azienda La Fontana di Geraci Siculo<\/title>\n<meta name=\"robots\" content=\"index, follow, max-snippet:-1, max-image-preview:large, max-video-preview:-1\" \/>\n<link rel=\"canonical\" href=\"https:\/\/lafontanageraci.it\/en\/product\/6-bottiglie-amaro-elisir-del-carabiniere-spedizione-omaggio\/\" \/>\n<meta property=\"og:locale\" content=\"en_GB\" \/>\n<meta property=\"og:type\" content=\"article\" \/>\n<meta property=\"og:title\" content=\"6 bottiglie Amaro Elisir del Carabiniere + spedizione OMAGGIO - Azienda La Fontana di Geraci Siculo\" \/>\n<meta property=\"og:description\" content=\"PACCO CONVENIENZA: 6 bottiglie Amaro Elisir del Carabiniere a scelta + spedizione OMAGGIO.  Scegli il tuo Amaro della linea Elisir del Carabiniere (indica le quantit\u00e0 per tipologia al momento del perfezionamento dell&#039;acquisto nel carrello nel riquadro &quot;Note sull&#039;ordine&quot;)  Dalla ricerca di ingredienti rigorosamente selezionati, nonch\u00e9 dalla passione di offrire un prodotto veramente genuino, nasce questo squisito Amaro Elisir del Carabiniere, inconfondibile per gusto e fragranza. Da oggi anche al caff\u00e8.  Elisir del Carabiniere \u00e8 un marchio registrato di propriet\u00e0 di &quot;La Fontana di Corradino Franco&quot;.\" \/>\n<meta property=\"og:url\" content=\"https:\/\/lafontanageraci.it\/en\/product\/6-bottiglie-amaro-elisir-del-carabiniere-spedizione-omaggio\/\" \/>\n<meta property=\"og:site_name\" content=\"Azienda La Fontana di Geraci Siculo\" \/>\n<meta property=\"article:publisher\" content=\"https:\/\/www.facebook.com\/lafontanageraci\/\" \/>\n<meta property=\"article:modified_time\" content=\"2025-11-04T21:56:18+00:00\" \/>\n<meta property=\"og:image\" content=\"https:\/\/lafontanageraci.it\/wordpress\/wp-content\/uploads\/2022\/12\/amaro-elisir-del-carabiniere-al-carciofo-e-manna.jpg\" \/>\n\t<meta property=\"og:image:width\" content=\"1200\" \/>\n\t<meta property=\"og:image:height\" content=\"1200\" \/>\n\t<meta property=\"og:image:type\" content=\"image\/jpeg\" \/>\n<meta name=\"twitter:card\" content=\"summary_large_image\" \/>\n<meta name=\"twitter:label1\" content=\"Estimated reading time\" \/>\n\t<meta name=\"twitter:data1\" content=\"1 minute\" \/>\n<script type=\"application\/ld+json\" class=\"yoast-schema-graph\">{\"@context\":\"https:\/\/schema.org\",\"@graph\":[{\"@type\":\"WebPage\",\"@id\":\"https:\/\/lafontanageraci.it\/product\/6-bottiglie-amaro-elisir-del-carabiniere-spedizione-omaggio\/\",\"url\":\"https:\/\/lafontanageraci.it\/product\/6-bottiglie-amaro-elisir-del-carabiniere-spedizione-omaggio\/\",\"name\":\"6 bottiglie Amaro Elisir del Carabiniere + spedizione OMAGGIO - Azienda La Fontana di Geraci Siculo\",\"isPartOf\":{\"@id\":\"https:\/\/lafontanageraci.it\/#website\"},\"primaryImageOfPage\":{\"@id\":\"https:\/\/lafontanageraci.it\/product\/6-bottiglie-amaro-elisir-del-carabiniere-spedizione-omaggio\/#primaryimage\"},\"image\":{\"@id\":\"https:\/\/lafontanageraci.it\/product\/6-bottiglie-amaro-elisir-del-carabiniere-spedizione-omaggio\/#primaryimage\"},\"thumbnailUrl\":\"https:\/\/lafontanageraci.it\/wordpress\/wp-content\/uploads\/2022\/12\/amaro-elisir-del-carabiniere-al-carciofo-e-manna.jpg\",\"datePublished\":\"2022-12-31T13:46:11+00:00\",\"dateModified\":\"2025-11-04T21:56:18+00:00\",\"breadcrumb\":{\"@id\":\"https:\/\/lafontanageraci.it\/product\/6-bottiglie-amaro-elisir-del-carabiniere-spedizione-omaggio\/#breadcrumb\"},\"inLanguage\":\"en-GB\",\"potentialAction\":[{\"@type\":\"ReadAction\",\"target\":[\"https:\/\/lafontanageraci.it\/product\/6-bottiglie-amaro-elisir-del-carabiniere-spedizione-omaggio\/\"]}]},{\"@type\":\"ImageObject\",\"inLanguage\":\"en-GB\",\"@id\":\"https:\/\/lafontanageraci.it\/product\/6-bottiglie-amaro-elisir-del-carabiniere-spedizione-omaggio\/#primaryimage\",\"url\":\"https:\/\/lafontanageraci.it\/wordpress\/wp-content\/uploads\/2022\/12\/amaro-elisir-del-carabiniere-al-carciofo-e-manna.jpg\",\"contentUrl\":\"https:\/\/lafontanageraci.it\/wordpress\/wp-content\/uploads\/2022\/12\/amaro-elisir-del-carabiniere-al-carciofo-e-manna.jpg\",\"width\":1200,\"height\":1200},{\"@type\":\"BreadcrumbList\",\"@id\":\"https:\/\/lafontanageraci.it\/product\/6-bottiglie-amaro-elisir-del-carabiniere-spedizione-omaggio\/#breadcrumb\",\"itemListElement\":[{\"@type\":\"ListItem\",\"position\":1,\"name\":\"Home\",\"item\":\"https:\/\/lafontanageraci.it\/\"},{\"@type\":\"ListItem\",\"position\":2,\"name\":\"Shop\",\"item\":\"https:\/\/lafontanageraci.it\/negozio\/\"},{\"@type\":\"ListItem\",\"position\":3,\"name\":\"6 bottiglie Amaro Elisir del Carabiniere + spedizione OMAGGIO\"}]},{\"@type\":\"WebSite\",\"@id\":\"https:\/\/lafontanageraci.it\/#website\",\"url\":\"https:\/\/lafontanageraci.it\/\",\"name\":\"Azienda La Fontana di Geraci Siculo\",\"description\":\"Produzione e imbottigliamento Bevande di fantasia a base di vino di qualit\u00e0 superiore\",\"potentialAction\":[{\"@type\":\"SearchAction\",\"target\":{\"@type\":\"EntryPoint\",\"urlTemplate\":\"https:\/\/lafontanageraci.it\/?s={search_term_string}\"},\"query-input\":{\"@type\":\"PropertyValueSpecification\",\"valueRequired\":true,\"valueName\":\"search_term_string\"}}],\"inLanguage\":\"en-GB\"}]}<\/script>\n<!-- \/ Yoast SEO plugin. -->","yoast_head_json":{"title":"6 bottiglie Amaro Elisir del Carabiniere + spedizione OMAGGIO - Azienda La Fontana di Geraci Siculo","robots":{"index":"index","follow":"follow","max-snippet":"max-snippet:-1","max-image-preview":"max-image-preview:large","max-video-preview":"max-video-preview:-1"},"canonical":"https:\/\/lafontanageraci.it\/en\/product\/6-bottiglie-amaro-elisir-del-carabiniere-spedizione-omaggio\/","og_locale":"en_GB","og_type":"article","og_title":"6 bottiglie Amaro Elisir del Carabiniere + spedizione OMAGGIO - Azienda La Fontana di Geraci Siculo","og_description":"PACCO CONVENIENZA: 6 bottiglie Amaro Elisir del Carabiniere a scelta + spedizione OMAGGIO.  Scegli il tuo Amaro della linea Elisir del Carabiniere (indica le quantit\u00e0 per tipologia al momento del perfezionamento dell'acquisto nel carrello nel riquadro \"Note sull'ordine\")  Dalla ricerca di ingredienti rigorosamente selezionati, nonch\u00e9 dalla passione di offrire un prodotto veramente genuino, nasce questo squisito Amaro Elisir del Carabiniere, inconfondibile per gusto e fragranza. Da oggi anche al caff\u00e8.  Elisir del Carabiniere \u00e8 un marchio registrato di propriet\u00e0 di \"La Fontana di Corradino Franco\".","og_url":"https:\/\/lafontanageraci.it\/en\/product\/6-bottiglie-amaro-elisir-del-carabiniere-spedizione-omaggio\/","og_site_name":"Azienda La Fontana di Geraci Siculo","article_publisher":"https:\/\/www.facebook.com\/lafontanageraci\/","article_modified_time":"2025-11-04T21:56:18+00:00","og_image":[{"width":1200,"height":1200,"url":"https:\/\/lafontanageraci.it\/wordpress\/wp-content\/uploads\/2022\/12\/amaro-elisir-del-carabiniere-al-carciofo-e-manna.jpg","type":"image\/jpeg"}],"twitter_card":"summary_large_image","twitter_misc":{"Estimated reading time":"1 minute"},"schema":{"@context":"https:\/\/schema.org","@graph":[{"@type":"WebPage","@id":"https:\/\/lafontanageraci.it\/product\/6-bottiglie-amaro-elisir-del-carabiniere-spedizione-omaggio\/","url":"https:\/\/lafontanageraci.it\/product\/6-bottiglie-amaro-elisir-del-carabiniere-spedizione-omaggio\/","name":"6 bottiglie Amaro Elisir del Carabiniere + spedizione OMAGGIO - Azienda La Fontana di Geraci Siculo","isPartOf":{"@id":"https:\/\/lafontanageraci.it\/#website"},"primaryImageOfPage":{"@id":"https:\/\/lafontanageraci.it\/product\/6-bottiglie-amaro-elisir-del-carabiniere-spedizione-omaggio\/#primaryimage"},"image":{"@id":"https:\/\/lafontanageraci.it\/product\/6-bottiglie-amaro-elisir-del-carabiniere-spedizione-omaggio\/#primaryimage"},"thumbnailUrl":"https:\/\/lafontanageraci.it\/wordpress\/wp-content\/uploads\/2022\/12\/amaro-elisir-del-carabiniere-al-carciofo-e-manna.jpg","datePublished":"2022-12-31T13:46:11+00:00","dateModified":"2025-11-04T21:56:18+00:00","breadcrumb":{"@id":"https:\/\/lafontanageraci.it\/product\/6-bottiglie-amaro-elisir-del-carabiniere-spedizione-omaggio\/#breadcrumb"},"inLanguage":"en-GB","potentialAction":[{"@type":"ReadAction","target":["https:\/\/lafontanageraci.it\/product\/6-bottiglie-amaro-elisir-del-carabiniere-spedizione-omaggio\/"]}]},{"@type":"ImageObject","inLanguage":"en-GB","@id":"https:\/\/lafontanageraci.it\/product\/6-bottiglie-amaro-elisir-del-carabiniere-spedizione-omaggio\/#primaryimage","url":"https:\/\/lafontanageraci.it\/wordpress\/wp-content\/uploads\/2022\/12\/amaro-elisir-del-carabiniere-al-carciofo-e-manna.jpg","contentUrl":"https:\/\/lafontanageraci.it\/wordpress\/wp-content\/uploads\/2022\/12\/amaro-elisir-del-carabiniere-al-carciofo-e-manna.jpg","width":1200,"height":1200},{"@type":"BreadcrumbList","@id":"https:\/\/lafontanageraci.it\/product\/6-bottiglie-amaro-elisir-del-carabiniere-spedizione-omaggio\/#breadcrumb","itemListElement":[{"@type":"ListItem","position":1,"name":"Home","item":"https:\/\/lafontanageraci.it\/"},{"@type":"ListItem","position":2,"name":"Shop","item":"https:\/\/lafontanageraci.it\/negozio\/"},{"@type":"ListItem","position":3,"name":"6 bottiglie Amaro Elisir del Carabiniere + spedizione OMAGGIO"}]},{"@type":"WebSite","@id":"https:\/\/lafontanageraci.it\/#website","url":"https:\/\/lafontanageraci.it\/","name":"Azienda La Fontana di Geraci Siculo","description":"Produzione e imbottigliamento Bevande di fantasia a base di vino di qualit\u00e0 superiore","potentialAction":[{"@type":"SearchAction","target":{"@type":"EntryPoint","urlTemplate":"https:\/\/lafontanageraci.it\/?s={search_term_string}"},"query-input":{"@type":"PropertyValueSpecification","valueRequired":true,"valueName":"search_term_string"}}],"inLanguage":"en-GB"}]}},"_links":{"self":[{"href":"https:\/\/lafontanageraci.it\/en\/wp-json\/wp\/v2\/product\/4485","targetHints":{"allow":["GET"]}}],"collection":[{"href":"https:\/\/lafontanageraci.it\/en\/wp-json\/wp\/v2\/product"}],"about":[{"href":"https:\/\/lafontanageraci.it\/en\/wp-json\/wp\/v2\/types\/product"}],"replies":[{"embeddable":true,"href":"https:\/\/lafontanageraci.it\/en\/wp-json\/wp\/v2\/comments?post=4485"}],"wp:featuredmedia":[{"embeddable":true,"href":"https:\/\/lafontanageraci.it\/en\/wp-json\/wp\/v2\/media\/4958"}],"wp:attachment":[{"href":"https:\/\/lafontanageraci.it\/en\/wp-json\/wp\/v2\/media?parent=4485"}],"wp:term":[{"taxonomy":"product_brand","embeddable":true,"href":"https:\/\/lafontanageraci.it\/en\/wp-json\/wp\/v2\/product_brand?post=4485"},{"taxonomy":"product_cat","embeddable":true,"href":"https:\/\/lafontanageraci.it\/en\/wp-json\/wp\/v2\/product_cat?post=4485"},{"taxonomy":"product_tag","embeddable":true,"href":"https:\/\/lafontanageraci.it\/en\/wp-json\/wp\/v2\/product_tag?post=4485"},{"taxonomy":"woo-feed-brand","embeddable":true,"href":"https:\/\/lafontanageraci.it\/en\/wp-json\/wp\/v2\/woo-feed-brand?post=4485"}],"curies":[{"name":"wp","href":"https:\/\/api.w.org\/{rel}","templated":true}]}}