{"id":4263,"date":"2021-12-31T07:31:16","date_gmt":"2021-12-31T06:31:16","guid":{"rendered":"https:\/\/lafontanageraci.it\/?post_type=product&#038;p=4263"},"modified":"2025-11-04T23:12:36","modified_gmt":"2025-11-04T22:12:36","slug":"amaro-elisir-del-carabiniere-al-caffe","status":"publish","type":"product","link":"https:\/\/lafontanageraci.it\/en\/product\/amaro-elisir-del-carabiniere-al-caffe\/","title":{"rendered":"Amaro Elisir del Carabiniere al caff\u00e8"},"content":{"rendered":"","protected":false},"excerpt":{"rendered":"<p><strong>Amaro Elisir del Carabiniere al caff\u00e8 &#8211; bottiglia di vetro da 700 ml.<\/strong><\/p>\n<p>Dalla ricerca di ingredienti rigorosamente selezionati, nonch\u00e9 dalla passione di offrire un prodotto veramente genuino, nasce questo squisito Amaro al Caff\u00e8, inconfondibile per gusto e fragranza.<\/p>\n<p>Excellent smooth, with ice, in coffee, excellent as a digestive.<\/p>\n<p><strong>Ingredients: <\/strong>acqua, alcool, zucchero, estratto caff\u00e8 6%, aromi, col. con caramello (E 150d).<\/p>\n<p><strong>Gradazione<\/strong> 21% Vol<\/p>","protected":false},"featured_media":4960,"comment_status":"open","ping_status":"closed","template":"","meta":[],"product_brand":[],"product_cat":[66],"product_tag":[441,208,269,534,536],"woo-feed-brand":[],"class_list":{"0":"post-4263","1":"product","2":"type-product","3":"status-publish","4":"has-post-thumbnail","6":"product_cat-amari","7":"product_tag-amaro-al-caffe","8":"product_tag-amaro-alle-erbe","9":"product_tag-amaro-siciliano","10":"product_tag-dove-comprare-lamaro-del-carabiniere","11":"product_tag-liquore-amaro-del-carabiniere","13":"first","14":"instock","15":"sale","16":"featured","17":"taxable","18":"shipping-taxable","19":"purchasable","20":"product-type-simple"},"yoast_head":"<!-- This site is optimized with the Yoast SEO plugin v27.1.1 - https:\/\/yoast.com\/product\/yoast-seo-wordpress\/ -->\n<title>Amaro Elisir del Carabiniere al caff\u00e8 - Azienda La Fontana di Geraci Siculo<\/title>\n<meta name=\"robots\" content=\"index, follow, max-snippet:-1, max-image-preview:large, max-video-preview:-1\" \/>\n<link rel=\"canonical\" href=\"https:\/\/lafontanageraci.it\/en\/product\/amaro-elisir-del-carabiniere-al-caffe\/\" \/>\n<meta property=\"og:locale\" content=\"en_GB\" \/>\n<meta property=\"og:type\" content=\"article\" \/>\n<meta property=\"og:title\" content=\"Amaro Elisir del Carabiniere al caff\u00e8 - Azienda La Fontana di Geraci Siculo\" \/>\n<meta property=\"og:description\" content=\"Amaro Elisir del Carabiniere al caff\u00e8 - bottiglia di vetro da 700 ml.  Dalla ricerca di ingredienti rigorosamente selezionati, nonch\u00e9 dalla passione di offrire un prodotto veramente genuino, nasce questo squisito Amaro al Caff\u00e8, inconfondibile per gusto e fragranza.  Ottimo liscio, con ghiaccio, nel caff\u00e8, eccellente come digestivo.  Ingredienti: acqua, alcool, zucchero, estratto caff\u00e8 6%, aromi, col. con caramello (E 150d).  Gradazione 21% Vol\" \/>\n<meta property=\"og:url\" content=\"https:\/\/lafontanageraci.it\/en\/product\/amaro-elisir-del-carabiniere-al-caffe\/\" \/>\n<meta property=\"og:site_name\" content=\"Azienda La Fontana di Geraci Siculo\" \/>\n<meta property=\"article:publisher\" content=\"https:\/\/www.facebook.com\/lafontanageraci\/\" \/>\n<meta property=\"article:modified_time\" content=\"2025-11-04T22:12:36+00:00\" \/>\n<meta name=\"twitter:card\" content=\"summary_large_image\" \/>\n<meta name=\"twitter:image\" content=\"https:\/\/lafontanageraci.it\/wordpress\/wp-content\/uploads\/2021\/12\/amaro-elisir-del-carabiniere-al-caffe.jpg\" \/>\n<meta name=\"twitter:label1\" content=\"Estimated reading time\" \/>\n\t<meta name=\"twitter:data1\" content=\"1 minute\" \/>\n<script type=\"application\/ld+json\" class=\"yoast-schema-graph\">{\"@context\":\"https:\/\/schema.org\",\"@graph\":[{\"@type\":\"WebPage\",\"@id\":\"https:\/\/lafontanageraci.it\/product\/amaro-elisir-del-carabiniere-al-caffe\/\",\"url\":\"https:\/\/lafontanageraci.it\/product\/amaro-elisir-del-carabiniere-al-caffe\/\",\"name\":\"Amaro Elisir del Carabiniere al caff\u00e8 - Azienda La Fontana di Geraci Siculo\",\"isPartOf\":{\"@id\":\"https:\/\/lafontanageraci.it\/#website\"},\"primaryImageOfPage\":{\"@id\":\"https:\/\/lafontanageraci.it\/product\/amaro-elisir-del-carabiniere-al-caffe\/#primaryimage\"},\"image\":{\"@id\":\"https:\/\/lafontanageraci.it\/product\/amaro-elisir-del-carabiniere-al-caffe\/#primaryimage\"},\"thumbnailUrl\":\"https:\/\/lafontanageraci.it\/wordpress\/wp-content\/uploads\/2021\/12\/amaro-elisir-del-carabiniere-al-caffe.jpg\",\"datePublished\":\"2021-12-31T06:31:16+00:00\",\"dateModified\":\"2025-11-04T22:12:36+00:00\",\"breadcrumb\":{\"@id\":\"https:\/\/lafontanageraci.it\/product\/amaro-elisir-del-carabiniere-al-caffe\/#breadcrumb\"},\"inLanguage\":\"en-GB\",\"potentialAction\":[{\"@type\":\"ReadAction\",\"target\":[\"https:\/\/lafontanageraci.it\/product\/amaro-elisir-del-carabiniere-al-caffe\/\"]}]},{\"@type\":\"ImageObject\",\"inLanguage\":\"en-GB\",\"@id\":\"https:\/\/lafontanageraci.it\/product\/amaro-elisir-del-carabiniere-al-caffe\/#primaryimage\",\"url\":\"https:\/\/lafontanageraci.it\/wordpress\/wp-content\/uploads\/2021\/12\/amaro-elisir-del-carabiniere-al-caffe.jpg\",\"contentUrl\":\"https:\/\/lafontanageraci.it\/wordpress\/wp-content\/uploads\/2021\/12\/amaro-elisir-del-carabiniere-al-caffe.jpg\",\"width\":1200,\"height\":1200},{\"@type\":\"BreadcrumbList\",\"@id\":\"https:\/\/lafontanageraci.it\/product\/amaro-elisir-del-carabiniere-al-caffe\/#breadcrumb\",\"itemListElement\":[{\"@type\":\"ListItem\",\"position\":1,\"name\":\"Home\",\"item\":\"https:\/\/lafontanageraci.it\/\"},{\"@type\":\"ListItem\",\"position\":2,\"name\":\"Shop\",\"item\":\"https:\/\/lafontanageraci.it\/negozio\/\"},{\"@type\":\"ListItem\",\"position\":3,\"name\":\"Amaro Elisir del Carabiniere al caff\u00e8\"}]},{\"@type\":\"WebSite\",\"@id\":\"https:\/\/lafontanageraci.it\/#website\",\"url\":\"https:\/\/lafontanageraci.it\/\",\"name\":\"Azienda La Fontana di Geraci Siculo\",\"description\":\"Produzione e imbottigliamento Bevande di fantasia a base di vino di qualit\u00e0 superiore\",\"potentialAction\":[{\"@type\":\"SearchAction\",\"target\":{\"@type\":\"EntryPoint\",\"urlTemplate\":\"https:\/\/lafontanageraci.it\/?s={search_term_string}\"},\"query-input\":{\"@type\":\"PropertyValueSpecification\",\"valueRequired\":true,\"valueName\":\"search_term_string\"}}],\"inLanguage\":\"en-GB\"}]}<\/script>\n<!-- \/ Yoast SEO plugin. -->","yoast_head_json":{"title":"Amaro Elisir del Carabiniere al caff\u00e8 - Azienda La Fontana di Geraci Siculo","robots":{"index":"index","follow":"follow","max-snippet":"max-snippet:-1","max-image-preview":"max-image-preview:large","max-video-preview":"max-video-preview:-1"},"canonical":"https:\/\/lafontanageraci.it\/en\/product\/amaro-elisir-del-carabiniere-al-caffe\/","og_locale":"en_GB","og_type":"article","og_title":"Amaro Elisir del Carabiniere al caff\u00e8 - Azienda La Fontana di Geraci Siculo","og_description":"Amaro Elisir del Carabiniere al caff\u00e8 - bottiglia di vetro da 700 ml.  Dalla ricerca di ingredienti rigorosamente selezionati, nonch\u00e9 dalla passione di offrire un prodotto veramente genuino, nasce questo squisito Amaro al Caff\u00e8, inconfondibile per gusto e fragranza.  Ottimo liscio, con ghiaccio, nel caff\u00e8, eccellente come digestivo.  Ingredienti: acqua, alcool, zucchero, estratto caff\u00e8 6%, aromi, col. con caramello (E 150d).  Gradazione 21% Vol","og_url":"https:\/\/lafontanageraci.it\/en\/product\/amaro-elisir-del-carabiniere-al-caffe\/","og_site_name":"Azienda La Fontana di Geraci Siculo","article_publisher":"https:\/\/www.facebook.com\/lafontanageraci\/","article_modified_time":"2025-11-04T22:12:36+00:00","twitter_card":"summary_large_image","twitter_image":"https:\/\/lafontanageraci.it\/wordpress\/wp-content\/uploads\/2021\/12\/amaro-elisir-del-carabiniere-al-caffe.jpg","twitter_misc":{"Estimated reading time":"1 minute"},"schema":{"@context":"https:\/\/schema.org","@graph":[{"@type":"WebPage","@id":"https:\/\/lafontanageraci.it\/product\/amaro-elisir-del-carabiniere-al-caffe\/","url":"https:\/\/lafontanageraci.it\/product\/amaro-elisir-del-carabiniere-al-caffe\/","name":"Amaro Elisir del Carabiniere al caff\u00e8 - Azienda La Fontana di Geraci Siculo","isPartOf":{"@id":"https:\/\/lafontanageraci.it\/#website"},"primaryImageOfPage":{"@id":"https:\/\/lafontanageraci.it\/product\/amaro-elisir-del-carabiniere-al-caffe\/#primaryimage"},"image":{"@id":"https:\/\/lafontanageraci.it\/product\/amaro-elisir-del-carabiniere-al-caffe\/#primaryimage"},"thumbnailUrl":"https:\/\/lafontanageraci.it\/wordpress\/wp-content\/uploads\/2021\/12\/amaro-elisir-del-carabiniere-al-caffe.jpg","datePublished":"2021-12-31T06:31:16+00:00","dateModified":"2025-11-04T22:12:36+00:00","breadcrumb":{"@id":"https:\/\/lafontanageraci.it\/product\/amaro-elisir-del-carabiniere-al-caffe\/#breadcrumb"},"inLanguage":"en-GB","potentialAction":[{"@type":"ReadAction","target":["https:\/\/lafontanageraci.it\/product\/amaro-elisir-del-carabiniere-al-caffe\/"]}]},{"@type":"ImageObject","inLanguage":"en-GB","@id":"https:\/\/lafontanageraci.it\/product\/amaro-elisir-del-carabiniere-al-caffe\/#primaryimage","url":"https:\/\/lafontanageraci.it\/wordpress\/wp-content\/uploads\/2021\/12\/amaro-elisir-del-carabiniere-al-caffe.jpg","contentUrl":"https:\/\/lafontanageraci.it\/wordpress\/wp-content\/uploads\/2021\/12\/amaro-elisir-del-carabiniere-al-caffe.jpg","width":1200,"height":1200},{"@type":"BreadcrumbList","@id":"https:\/\/lafontanageraci.it\/product\/amaro-elisir-del-carabiniere-al-caffe\/#breadcrumb","itemListElement":[{"@type":"ListItem","position":1,"name":"Home","item":"https:\/\/lafontanageraci.it\/"},{"@type":"ListItem","position":2,"name":"Shop","item":"https:\/\/lafontanageraci.it\/negozio\/"},{"@type":"ListItem","position":3,"name":"Amaro Elisir del Carabiniere al caff\u00e8"}]},{"@type":"WebSite","@id":"https:\/\/lafontanageraci.it\/#website","url":"https:\/\/lafontanageraci.it\/","name":"Azienda La Fontana di Geraci Siculo","description":"Produzione e imbottigliamento Bevande di fantasia a base di vino di qualit\u00e0 superiore","potentialAction":[{"@type":"SearchAction","target":{"@type":"EntryPoint","urlTemplate":"https:\/\/lafontanageraci.it\/?s={search_term_string}"},"query-input":{"@type":"PropertyValueSpecification","valueRequired":true,"valueName":"search_term_string"}}],"inLanguage":"en-GB"}]}},"_links":{"self":[{"href":"https:\/\/lafontanageraci.it\/en\/wp-json\/wp\/v2\/product\/4263","targetHints":{"allow":["GET"]}}],"collection":[{"href":"https:\/\/lafontanageraci.it\/en\/wp-json\/wp\/v2\/product"}],"about":[{"href":"https:\/\/lafontanageraci.it\/en\/wp-json\/wp\/v2\/types\/product"}],"replies":[{"embeddable":true,"href":"https:\/\/lafontanageraci.it\/en\/wp-json\/wp\/v2\/comments?post=4263"}],"wp:featuredmedia":[{"embeddable":true,"href":"https:\/\/lafontanageraci.it\/en\/wp-json\/wp\/v2\/media\/4960"}],"wp:attachment":[{"href":"https:\/\/lafontanageraci.it\/en\/wp-json\/wp\/v2\/media?parent=4263"}],"wp:term":[{"taxonomy":"product_brand","embeddable":true,"href":"https:\/\/lafontanageraci.it\/en\/wp-json\/wp\/v2\/product_brand?post=4263"},{"taxonomy":"product_cat","embeddable":true,"href":"https:\/\/lafontanageraci.it\/en\/wp-json\/wp\/v2\/product_cat?post=4263"},{"taxonomy":"product_tag","embeddable":true,"href":"https:\/\/lafontanageraci.it\/en\/wp-json\/wp\/v2\/product_tag?post=4263"},{"taxonomy":"woo-feed-brand","embeddable":true,"href":"https:\/\/lafontanageraci.it\/en\/wp-json\/wp\/v2\/woo-feed-brand?post=4263"}],"curies":[{"name":"wp","href":"https:\/\/api.w.org\/{rel}","templated":true}]}}