{"id":3533,"date":"2020-09-26T16:02:06","date_gmt":"2020-09-26T14:02:06","guid":{"rendered":"http:\/\/lafontanageraci.it\/?post_type=product&#038;p=3533"},"modified":"2026-04-08T13:06:05","modified_gmt":"2026-04-08T11:06:05","slug":"soluzione-di-manna-4pack","status":"publish","type":"product","link":"https:\/\/lafontanageraci.it\/en\/product\/soluzione-di-manna-4pack\/","title":{"rendered":"Soluzione di Manna 4PACK"},"content":{"rendered":"","protected":false},"excerpt":{"rendered":"<p><strong>4 flaconi da 90ml di soluzione di manna<\/strong><\/p>\n<p><strong>Natural manna has impurities and to ingest it you need to dissolve and filter it. This is why the \"LA FONTANA\" company transforms it into \"MANNA SOLUTION\" in natural mineral water, so it is ready for use.<\/strong><\/p>\n<p>The \"Manna Solution\" is a functional product that can promote a state of well-being and improve the quality of life. It has properties: digestive, sweeteners, detoxifying, refreshing and intestinal regulator, emollient, diuretic, mild laxative, against constipation, expectorant, fluidifying, beauty mask, purifies the body, adjuvant in slimming treatments.<\/p>\n<p>It is also an ancient remedy for hemorrhoids.<\/p>\n<p><strong>Ingredients:<\/strong> *acqua, manna pura 40%, acidificante acido tartarico E334.<br \/>\n*acqua oligominerale<\/p>","protected":false},"featured_media":2998,"comment_status":"open","ping_status":"closed","template":"","meta":[],"product_brand":[],"product_cat":[15,64],"product_tag":[80,234,235,81,82,83,146,230,214,232,229,233,225,224,231,236],"woo-feed-brand":[],"class_list":{"0":"post-3533","1":"product","2":"type-product","3":"status-publish","4":"has-post-thumbnail","6":"product_cat-cosmesi","7":"product_cat-manna","8":"product_tag-castelbuono","9":"product_tag-cose-la-manna","10":"product_tag-cosa-fare-con-la-manna","11":"product_tag-geraci-siculo","12":"product_tag-la-fontana-di-corradino-franco","13":"product_tag-la-fontana-geraci","14":"product_tag-manna","15":"product_tag-manna-castelbuono","16":"product_tag-manna-delle-madonie","17":"product_tag-manna-disciolta","18":"product_tag-manna-online","19":"product_tag-manna-proprieta","20":"product_tag-manna-pura","21":"product_tag-proprieta-manna","22":"product_tag-soluzione-di-manna","23":"product_tag-soluzione-manna-castelbuono","25":"first","26":"instock","27":"taxable","28":"shipping-taxable","29":"purchasable","30":"product-type-simple"},"yoast_head":"<!-- This site is optimized with the Yoast SEO plugin v27.1.1 - https:\/\/yoast.com\/product\/yoast-seo-wordpress\/ -->\n<title>Soluzione di Manna 4PACK - Azienda La Fontana di Geraci Siculo<\/title>\n<meta name=\"robots\" content=\"index, follow, max-snippet:-1, max-image-preview:large, max-video-preview:-1\" \/>\n<link rel=\"canonical\" href=\"https:\/\/lafontanageraci.it\/en\/product\/soluzione-di-manna-4pack\/\" \/>\n<meta property=\"og:locale\" content=\"en_GB\" \/>\n<meta property=\"og:type\" content=\"article\" \/>\n<meta property=\"og:title\" content=\"Soluzione di Manna 4PACK - Azienda La Fontana di Geraci Siculo\" \/>\n<meta property=\"og:description\" content=\"4 flaconi da 90ml di soluzione di manna  La manna al naturale presenta delle impurit\u00e0 e per ingerirla bisogna scioglierla e filtrarla. \u00c8 per questo che l&#039;Azienda &quot;LA FONTANA&quot; la trasforma in &quot;SOLUZIONE DI MANNA&quot; in acqua minerale naturale oligominerale, cos\u00ec \u00e8 gi\u00e0 pronta all\u2019uso.  La &quot;Soluzione di Manna&quot; \u00e8 un prodotto funzionale che pu\u00f2 favorire lo stato di benessere e migliorare la qualit\u00e0 della vita. Ha propriet\u00e0: digestive, dolcificanti, disintossicanti, rinfrescante e regolatore intestinale, emolliente, diuretica, blando lassativo, contro la stipsi, espettorante, fluidificante, maschera di bellezza, depura l\u2019organismo, coadiuvante nelle cure dimagranti.  \u00c8\u00a0inoltre un antico rimedio per le emorroidi.  Ingredienti: *acqua, manna pura 40%, acidificante acido tartarico E334. *acqua oligominerale\" \/>\n<meta property=\"og:url\" content=\"https:\/\/lafontanageraci.it\/en\/product\/soluzione-di-manna-4pack\/\" \/>\n<meta property=\"og:site_name\" content=\"Azienda La Fontana di Geraci Siculo\" \/>\n<meta property=\"article:publisher\" content=\"https:\/\/www.facebook.com\/lafontanageraci\/\" \/>\n<meta property=\"article:modified_time\" content=\"2026-04-08T11:06:05+00:00\" \/>\n<meta property=\"og:image\" content=\"https:\/\/lafontanageraci.it\/wordpress\/wp-content\/uploads\/2018\/08\/soluzione-di-manna-la-fontana-geraci-castelbuono-001.jpg\" \/>\n\t<meta property=\"og:image:width\" content=\"1000\" \/>\n\t<meta property=\"og:image:height\" content=\"1000\" \/>\n\t<meta property=\"og:image:type\" content=\"image\/jpeg\" \/>\n<meta name=\"twitter:card\" content=\"summary_large_image\" \/>\n<script type=\"application\/ld+json\" class=\"yoast-schema-graph\">{\"@context\":\"https:\/\/schema.org\",\"@graph\":[{\"@type\":\"WebPage\",\"@id\":\"https:\/\/lafontanageraci.it\/product\/soluzione-di-manna-4pack\/\",\"url\":\"https:\/\/lafontanageraci.it\/product\/soluzione-di-manna-4pack\/\",\"name\":\"Soluzione di Manna 4PACK - Azienda La Fontana di Geraci Siculo\",\"isPartOf\":{\"@id\":\"https:\/\/lafontanageraci.it\/#website\"},\"primaryImageOfPage\":{\"@id\":\"https:\/\/lafontanageraci.it\/product\/soluzione-di-manna-4pack\/#primaryimage\"},\"image\":{\"@id\":\"https:\/\/lafontanageraci.it\/product\/soluzione-di-manna-4pack\/#primaryimage\"},\"thumbnailUrl\":\"https:\/\/lafontanageraci.it\/wordpress\/wp-content\/uploads\/2018\/08\/soluzione-di-manna-la-fontana-geraci-castelbuono-001.jpg\",\"datePublished\":\"2020-09-26T14:02:06+00:00\",\"dateModified\":\"2026-04-08T11:06:05+00:00\",\"breadcrumb\":{\"@id\":\"https:\/\/lafontanageraci.it\/product\/soluzione-di-manna-4pack\/#breadcrumb\"},\"inLanguage\":\"en-GB\",\"potentialAction\":[{\"@type\":\"ReadAction\",\"target\":[\"https:\/\/lafontanageraci.it\/product\/soluzione-di-manna-4pack\/\"]}]},{\"@type\":\"ImageObject\",\"inLanguage\":\"en-GB\",\"@id\":\"https:\/\/lafontanageraci.it\/product\/soluzione-di-manna-4pack\/#primaryimage\",\"url\":\"https:\/\/lafontanageraci.it\/wordpress\/wp-content\/uploads\/2018\/08\/soluzione-di-manna-la-fontana-geraci-castelbuono-001.jpg\",\"contentUrl\":\"https:\/\/lafontanageraci.it\/wordpress\/wp-content\/uploads\/2018\/08\/soluzione-di-manna-la-fontana-geraci-castelbuono-001.jpg\",\"width\":1000,\"height\":1000},{\"@type\":\"BreadcrumbList\",\"@id\":\"https:\/\/lafontanageraci.it\/product\/soluzione-di-manna-4pack\/#breadcrumb\",\"itemListElement\":[{\"@type\":\"ListItem\",\"position\":1,\"name\":\"Home\",\"item\":\"https:\/\/lafontanageraci.it\/\"},{\"@type\":\"ListItem\",\"position\":2,\"name\":\"Shop\",\"item\":\"https:\/\/lafontanageraci.it\/negozio\/\"},{\"@type\":\"ListItem\",\"position\":3,\"name\":\"Soluzione di Manna 4PACK\"}]},{\"@type\":\"WebSite\",\"@id\":\"https:\/\/lafontanageraci.it\/#website\",\"url\":\"https:\/\/lafontanageraci.it\/\",\"name\":\"Azienda La Fontana di Geraci Siculo\",\"description\":\"Produzione e imbottigliamento Bevande di fantasia a base di vino di qualit\u00e0 superiore\",\"potentialAction\":[{\"@type\":\"SearchAction\",\"target\":{\"@type\":\"EntryPoint\",\"urlTemplate\":\"https:\/\/lafontanageraci.it\/?s={search_term_string}\"},\"query-input\":{\"@type\":\"PropertyValueSpecification\",\"valueRequired\":true,\"valueName\":\"search_term_string\"}}],\"inLanguage\":\"en-GB\"}]}<\/script>\n<!-- \/ Yoast SEO plugin. -->","yoast_head_json":{"title":"Soluzione di Manna 4PACK - Azienda La Fontana di Geraci Siculo","robots":{"index":"index","follow":"follow","max-snippet":"max-snippet:-1","max-image-preview":"max-image-preview:large","max-video-preview":"max-video-preview:-1"},"canonical":"https:\/\/lafontanageraci.it\/en\/product\/soluzione-di-manna-4pack\/","og_locale":"en_GB","og_type":"article","og_title":"Soluzione di Manna 4PACK - Azienda La Fontana di Geraci Siculo","og_description":"4 flaconi da 90ml di soluzione di manna  La manna al naturale presenta delle impurit\u00e0 e per ingerirla bisogna scioglierla e filtrarla. \u00c8 per questo che l'Azienda \"LA FONTANA\" la trasforma in \"SOLUZIONE DI MANNA\" in acqua minerale naturale oligominerale, cos\u00ec \u00e8 gi\u00e0 pronta all\u2019uso.  La \"Soluzione di Manna\" \u00e8 un prodotto funzionale che pu\u00f2 favorire lo stato di benessere e migliorare la qualit\u00e0 della vita. Ha propriet\u00e0: digestive, dolcificanti, disintossicanti, rinfrescante e regolatore intestinale, emolliente, diuretica, blando lassativo, contro la stipsi, espettorante, fluidificante, maschera di bellezza, depura l\u2019organismo, coadiuvante nelle cure dimagranti.  \u00c8\u00a0inoltre un antico rimedio per le emorroidi.  Ingredienti: *acqua, manna pura 40%, acidificante acido tartarico E334. *acqua oligominerale","og_url":"https:\/\/lafontanageraci.it\/en\/product\/soluzione-di-manna-4pack\/","og_site_name":"Azienda La Fontana di Geraci Siculo","article_publisher":"https:\/\/www.facebook.com\/lafontanageraci\/","article_modified_time":"2026-04-08T11:06:05+00:00","og_image":[{"width":1000,"height":1000,"url":"https:\/\/lafontanageraci.it\/wordpress\/wp-content\/uploads\/2018\/08\/soluzione-di-manna-la-fontana-geraci-castelbuono-001.jpg","type":"image\/jpeg"}],"twitter_card":"summary_large_image","schema":{"@context":"https:\/\/schema.org","@graph":[{"@type":"WebPage","@id":"https:\/\/lafontanageraci.it\/product\/soluzione-di-manna-4pack\/","url":"https:\/\/lafontanageraci.it\/product\/soluzione-di-manna-4pack\/","name":"Soluzione di Manna 4PACK - Azienda La Fontana di Geraci Siculo","isPartOf":{"@id":"https:\/\/lafontanageraci.it\/#website"},"primaryImageOfPage":{"@id":"https:\/\/lafontanageraci.it\/product\/soluzione-di-manna-4pack\/#primaryimage"},"image":{"@id":"https:\/\/lafontanageraci.it\/product\/soluzione-di-manna-4pack\/#primaryimage"},"thumbnailUrl":"https:\/\/lafontanageraci.it\/wordpress\/wp-content\/uploads\/2018\/08\/soluzione-di-manna-la-fontana-geraci-castelbuono-001.jpg","datePublished":"2020-09-26T14:02:06+00:00","dateModified":"2026-04-08T11:06:05+00:00","breadcrumb":{"@id":"https:\/\/lafontanageraci.it\/product\/soluzione-di-manna-4pack\/#breadcrumb"},"inLanguage":"en-GB","potentialAction":[{"@type":"ReadAction","target":["https:\/\/lafontanageraci.it\/product\/soluzione-di-manna-4pack\/"]}]},{"@type":"ImageObject","inLanguage":"en-GB","@id":"https:\/\/lafontanageraci.it\/product\/soluzione-di-manna-4pack\/#primaryimage","url":"https:\/\/lafontanageraci.it\/wordpress\/wp-content\/uploads\/2018\/08\/soluzione-di-manna-la-fontana-geraci-castelbuono-001.jpg","contentUrl":"https:\/\/lafontanageraci.it\/wordpress\/wp-content\/uploads\/2018\/08\/soluzione-di-manna-la-fontana-geraci-castelbuono-001.jpg","width":1000,"height":1000},{"@type":"BreadcrumbList","@id":"https:\/\/lafontanageraci.it\/product\/soluzione-di-manna-4pack\/#breadcrumb","itemListElement":[{"@type":"ListItem","position":1,"name":"Home","item":"https:\/\/lafontanageraci.it\/"},{"@type":"ListItem","position":2,"name":"Shop","item":"https:\/\/lafontanageraci.it\/negozio\/"},{"@type":"ListItem","position":3,"name":"Soluzione di Manna 4PACK"}]},{"@type":"WebSite","@id":"https:\/\/lafontanageraci.it\/#website","url":"https:\/\/lafontanageraci.it\/","name":"Azienda La Fontana di Geraci Siculo","description":"Produzione e imbottigliamento Bevande di fantasia a base di vino di qualit\u00e0 superiore","potentialAction":[{"@type":"SearchAction","target":{"@type":"EntryPoint","urlTemplate":"https:\/\/lafontanageraci.it\/?s={search_term_string}"},"query-input":{"@type":"PropertyValueSpecification","valueRequired":true,"valueName":"search_term_string"}}],"inLanguage":"en-GB"}]}},"_links":{"self":[{"href":"https:\/\/lafontanageraci.it\/en\/wp-json\/wp\/v2\/product\/3533","targetHints":{"allow":["GET"]}}],"collection":[{"href":"https:\/\/lafontanageraci.it\/en\/wp-json\/wp\/v2\/product"}],"about":[{"href":"https:\/\/lafontanageraci.it\/en\/wp-json\/wp\/v2\/types\/product"}],"replies":[{"embeddable":true,"href":"https:\/\/lafontanageraci.it\/en\/wp-json\/wp\/v2\/comments?post=3533"}],"wp:featuredmedia":[{"embeddable":true,"href":"https:\/\/lafontanageraci.it\/en\/wp-json\/wp\/v2\/media\/2998"}],"wp:attachment":[{"href":"https:\/\/lafontanageraci.it\/en\/wp-json\/wp\/v2\/media?parent=3533"}],"wp:term":[{"taxonomy":"product_brand","embeddable":true,"href":"https:\/\/lafontanageraci.it\/en\/wp-json\/wp\/v2\/product_brand?post=3533"},{"taxonomy":"product_cat","embeddable":true,"href":"https:\/\/lafontanageraci.it\/en\/wp-json\/wp\/v2\/product_cat?post=3533"},{"taxonomy":"product_tag","embeddable":true,"href":"https:\/\/lafontanageraci.it\/en\/wp-json\/wp\/v2\/product_tag?post=3533"},{"taxonomy":"woo-feed-brand","embeddable":true,"href":"https:\/\/lafontanageraci.it\/en\/wp-json\/wp\/v2\/woo-feed-brand?post=3533"}],"curies":[{"name":"wp","href":"https:\/\/api.w.org\/{rel}","templated":true}]}}