{"id":3361,"date":"2020-03-26T14:33:52","date_gmt":"2020-03-26T13:33:52","guid":{"rendered":"http:\/\/lafontanageraci.it\/?post_type=product&#038;p=3361"},"modified":"2026-03-29T10:45:22","modified_gmt":"2026-03-29T08:45:22","slug":"cioccolato-zenzero-cannella","status":"publish","type":"product","link":"https:\/\/lafontanageraci.it\/en\/product\/cioccolato-zenzero-cannella\/","title":{"rendered":"Cioccolato Zenzero &amp; Cannella"},"content":{"rendered":"","protected":false},"excerpt":{"rendered":"<p>Chocolate Ginger &amp; Cinnamon. Net weight 100g<\/p>\n<p>Chili Pepper Chocolate. Net weight 100g<\/p>\n<p><strong>Ingredients: <\/strong>pasta di cacao 100%, zucchero, cannella, zenzero.<\/p>\n<p>La pasta di cacao naturale \u00e8 ottenuta da miscele di fave accuratamente selezionate. Organoletticamente esprime tutta la morbidezza e rotondit\u00e0 del cacao tipico del Gana, l&#8217;intensit\u00e0 della Costa d&#8217;Avorio ed il particolare accento speziato classico del Venezuela.<\/p>\n<p>Il prodotto pu\u00f2 contenere tracce di soia, latte e derivati.<\/p>","protected":false},"featured_media":3430,"comment_status":"open","ping_status":"closed","template":"","meta":[],"product_brand":[],"product_cat":[71],"product_tag":[132,121,80,91,93,131,94,130,129,81,82,83,99],"woo-feed-brand":[],"class_list":{"0":"post-3361","1":"product","2":"type-product","3":"status-publish","4":"has-post-thumbnail","6":"product_cat-cioccolato","7":"product_tag-barretta-allo-zenzero","8":"product_tag-cannella","9":"product_tag-castelbuono","10":"product_tag-cioccolato","11":"product_tag-cioccolato-artigianale","12":"product_tag-cioccolato-cannella","13":"product_tag-cioccolato-puro","14":"product_tag-cioccolato-zenzero","15":"product_tag-cioccolato-zenzero-e-cannella","16":"product_tag-geraci-siculo","17":"product_tag-la-fontana-di-corradino-franco","18":"product_tag-la-fontana-geraci","19":"product_tag-zenzero","21":"first","22":"outofstock","23":"taxable","24":"shipping-taxable","25":"purchasable","26":"product-type-simple"},"yoast_head":"<!-- This site is optimized with the Yoast SEO plugin v27.1.1 - https:\/\/yoast.com\/product\/yoast-seo-wordpress\/ -->\n<title>Cioccolato Zenzero &amp; Cannella - Azienda La Fontana di Geraci Siculo<\/title>\n<meta name=\"description\" content=\"Cioccolato Zenzero &amp; Cannella. Peso netto 100g\" \/>\n<meta name=\"robots\" content=\"index, follow, max-snippet:-1, max-image-preview:large, max-video-preview:-1\" \/>\n<link rel=\"canonical\" href=\"https:\/\/lafontanageraci.it\/en\/product\/cioccolato-zenzero-cannella\/\" \/>\n<meta property=\"og:locale\" content=\"en_GB\" \/>\n<meta property=\"og:type\" content=\"article\" \/>\n<meta property=\"og:title\" content=\"Cioccolato Zenzero &amp; Cannella - Azienda La Fontana di Geraci Siculo\" \/>\n<meta property=\"og:description\" content=\"Cioccolato Zenzero &amp; Cannella. Peso netto 100g\" \/>\n<meta property=\"og:url\" content=\"https:\/\/lafontanageraci.it\/en\/product\/cioccolato-zenzero-cannella\/\" \/>\n<meta property=\"og:site_name\" content=\"Azienda La Fontana di Geraci Siculo\" \/>\n<meta property=\"article:publisher\" content=\"https:\/\/www.facebook.com\/lafontanageraci\/\" \/>\n<meta property=\"article:modified_time\" content=\"2026-03-29T08:45:22+00:00\" \/>\n<meta property=\"og:image\" content=\"https:\/\/lafontanageraci.it\/wordpress\/wp-content\/uploads\/2020\/03\/cioccolato-allo-zenzero-cannella-la-fontana-geraci-castelbuono-001-1.jpg\" \/>\n\t<meta property=\"og:image:width\" content=\"900\" \/>\n\t<meta property=\"og:image:height\" content=\"900\" \/>\n\t<meta property=\"og:image:type\" content=\"image\/jpeg\" \/>\n<meta name=\"twitter:card\" content=\"summary_large_image\" \/>\n<script type=\"application\/ld+json\" class=\"yoast-schema-graph\">{\"@context\":\"https:\/\/schema.org\",\"@graph\":[{\"@type\":\"WebPage\",\"@id\":\"https:\/\/lafontanageraci.it\/product\/cioccolato-zenzero-cannella\/\",\"url\":\"https:\/\/lafontanageraci.it\/product\/cioccolato-zenzero-cannella\/\",\"name\":\"Cioccolato Zenzero &amp; Cannella - Azienda La Fontana di Geraci Siculo\",\"isPartOf\":{\"@id\":\"https:\/\/lafontanageraci.it\/#website\"},\"primaryImageOfPage\":{\"@id\":\"https:\/\/lafontanageraci.it\/product\/cioccolato-zenzero-cannella\/#primaryimage\"},\"image\":{\"@id\":\"https:\/\/lafontanageraci.it\/product\/cioccolato-zenzero-cannella\/#primaryimage\"},\"thumbnailUrl\":\"https:\/\/lafontanageraci.it\/wordpress\/wp-content\/uploads\/2020\/03\/cioccolato-allo-zenzero-cannella-la-fontana-geraci-castelbuono-001-1.jpg\",\"datePublished\":\"2020-03-26T13:33:52+00:00\",\"dateModified\":\"2026-03-29T08:45:22+00:00\",\"description\":\"Cioccolato Zenzero & Cannella. Peso netto 100g\",\"breadcrumb\":{\"@id\":\"https:\/\/lafontanageraci.it\/product\/cioccolato-zenzero-cannella\/#breadcrumb\"},\"inLanguage\":\"en-GB\",\"potentialAction\":[{\"@type\":\"ReadAction\",\"target\":[\"https:\/\/lafontanageraci.it\/product\/cioccolato-zenzero-cannella\/\"]}]},{\"@type\":\"ImageObject\",\"inLanguage\":\"en-GB\",\"@id\":\"https:\/\/lafontanageraci.it\/product\/cioccolato-zenzero-cannella\/#primaryimage\",\"url\":\"https:\/\/lafontanageraci.it\/wordpress\/wp-content\/uploads\/2020\/03\/cioccolato-allo-zenzero-cannella-la-fontana-geraci-castelbuono-001-1.jpg\",\"contentUrl\":\"https:\/\/lafontanageraci.it\/wordpress\/wp-content\/uploads\/2020\/03\/cioccolato-allo-zenzero-cannella-la-fontana-geraci-castelbuono-001-1.jpg\",\"width\":900,\"height\":900},{\"@type\":\"BreadcrumbList\",\"@id\":\"https:\/\/lafontanageraci.it\/product\/cioccolato-zenzero-cannella\/#breadcrumb\",\"itemListElement\":[{\"@type\":\"ListItem\",\"position\":1,\"name\":\"Home\",\"item\":\"https:\/\/lafontanageraci.it\/\"},{\"@type\":\"ListItem\",\"position\":2,\"name\":\"Shop\",\"item\":\"https:\/\/lafontanageraci.it\/negozio\/\"},{\"@type\":\"ListItem\",\"position\":3,\"name\":\"Cioccolato Zenzero &amp; Cannella\"}]},{\"@type\":\"WebSite\",\"@id\":\"https:\/\/lafontanageraci.it\/#website\",\"url\":\"https:\/\/lafontanageraci.it\/\",\"name\":\"Azienda La Fontana di Geraci Siculo\",\"description\":\"Produzione e imbottigliamento Bevande di fantasia a base di vino di qualit\u00e0 superiore\",\"potentialAction\":[{\"@type\":\"SearchAction\",\"target\":{\"@type\":\"EntryPoint\",\"urlTemplate\":\"https:\/\/lafontanageraci.it\/?s={search_term_string}\"},\"query-input\":{\"@type\":\"PropertyValueSpecification\",\"valueRequired\":true,\"valueName\":\"search_term_string\"}}],\"inLanguage\":\"en-GB\"}]}<\/script>\n<!-- \/ Yoast SEO plugin. -->","yoast_head_json":{"title":"Cioccolato Zenzero &amp; Cannella - Azienda La Fontana di Geraci Siculo","description":"Cioccolato Zenzero & Cannella. Peso netto 100g","robots":{"index":"index","follow":"follow","max-snippet":"max-snippet:-1","max-image-preview":"max-image-preview:large","max-video-preview":"max-video-preview:-1"},"canonical":"https:\/\/lafontanageraci.it\/en\/product\/cioccolato-zenzero-cannella\/","og_locale":"en_GB","og_type":"article","og_title":"Cioccolato Zenzero &amp; Cannella - Azienda La Fontana di Geraci Siculo","og_description":"Cioccolato Zenzero & Cannella. Peso netto 100g","og_url":"https:\/\/lafontanageraci.it\/en\/product\/cioccolato-zenzero-cannella\/","og_site_name":"Azienda La Fontana di Geraci Siculo","article_publisher":"https:\/\/www.facebook.com\/lafontanageraci\/","article_modified_time":"2026-03-29T08:45:22+00:00","og_image":[{"width":900,"height":900,"url":"https:\/\/lafontanageraci.it\/wordpress\/wp-content\/uploads\/2020\/03\/cioccolato-allo-zenzero-cannella-la-fontana-geraci-castelbuono-001-1.jpg","type":"image\/jpeg"}],"twitter_card":"summary_large_image","schema":{"@context":"https:\/\/schema.org","@graph":[{"@type":"WebPage","@id":"https:\/\/lafontanageraci.it\/product\/cioccolato-zenzero-cannella\/","url":"https:\/\/lafontanageraci.it\/product\/cioccolato-zenzero-cannella\/","name":"Cioccolato Zenzero &amp; Cannella - Azienda La Fontana di Geraci Siculo","isPartOf":{"@id":"https:\/\/lafontanageraci.it\/#website"},"primaryImageOfPage":{"@id":"https:\/\/lafontanageraci.it\/product\/cioccolato-zenzero-cannella\/#primaryimage"},"image":{"@id":"https:\/\/lafontanageraci.it\/product\/cioccolato-zenzero-cannella\/#primaryimage"},"thumbnailUrl":"https:\/\/lafontanageraci.it\/wordpress\/wp-content\/uploads\/2020\/03\/cioccolato-allo-zenzero-cannella-la-fontana-geraci-castelbuono-001-1.jpg","datePublished":"2020-03-26T13:33:52+00:00","dateModified":"2026-03-29T08:45:22+00:00","description":"Cioccolato Zenzero & Cannella. Peso netto 100g","breadcrumb":{"@id":"https:\/\/lafontanageraci.it\/product\/cioccolato-zenzero-cannella\/#breadcrumb"},"inLanguage":"en-GB","potentialAction":[{"@type":"ReadAction","target":["https:\/\/lafontanageraci.it\/product\/cioccolato-zenzero-cannella\/"]}]},{"@type":"ImageObject","inLanguage":"en-GB","@id":"https:\/\/lafontanageraci.it\/product\/cioccolato-zenzero-cannella\/#primaryimage","url":"https:\/\/lafontanageraci.it\/wordpress\/wp-content\/uploads\/2020\/03\/cioccolato-allo-zenzero-cannella-la-fontana-geraci-castelbuono-001-1.jpg","contentUrl":"https:\/\/lafontanageraci.it\/wordpress\/wp-content\/uploads\/2020\/03\/cioccolato-allo-zenzero-cannella-la-fontana-geraci-castelbuono-001-1.jpg","width":900,"height":900},{"@type":"BreadcrumbList","@id":"https:\/\/lafontanageraci.it\/product\/cioccolato-zenzero-cannella\/#breadcrumb","itemListElement":[{"@type":"ListItem","position":1,"name":"Home","item":"https:\/\/lafontanageraci.it\/"},{"@type":"ListItem","position":2,"name":"Shop","item":"https:\/\/lafontanageraci.it\/negozio\/"},{"@type":"ListItem","position":3,"name":"Cioccolato Zenzero &amp; Cannella"}]},{"@type":"WebSite","@id":"https:\/\/lafontanageraci.it\/#website","url":"https:\/\/lafontanageraci.it\/","name":"Azienda La Fontana di Geraci Siculo","description":"Produzione e imbottigliamento Bevande di fantasia a base di vino di qualit\u00e0 superiore","potentialAction":[{"@type":"SearchAction","target":{"@type":"EntryPoint","urlTemplate":"https:\/\/lafontanageraci.it\/?s={search_term_string}"},"query-input":{"@type":"PropertyValueSpecification","valueRequired":true,"valueName":"search_term_string"}}],"inLanguage":"en-GB"}]}},"_links":{"self":[{"href":"https:\/\/lafontanageraci.it\/en\/wp-json\/wp\/v2\/product\/3361","targetHints":{"allow":["GET"]}}],"collection":[{"href":"https:\/\/lafontanageraci.it\/en\/wp-json\/wp\/v2\/product"}],"about":[{"href":"https:\/\/lafontanageraci.it\/en\/wp-json\/wp\/v2\/types\/product"}],"replies":[{"embeddable":true,"href":"https:\/\/lafontanageraci.it\/en\/wp-json\/wp\/v2\/comments?post=3361"}],"wp:featuredmedia":[{"embeddable":true,"href":"https:\/\/lafontanageraci.it\/en\/wp-json\/wp\/v2\/media\/3430"}],"wp:attachment":[{"href":"https:\/\/lafontanageraci.it\/en\/wp-json\/wp\/v2\/media?parent=3361"}],"wp:term":[{"taxonomy":"product_brand","embeddable":true,"href":"https:\/\/lafontanageraci.it\/en\/wp-json\/wp\/v2\/product_brand?post=3361"},{"taxonomy":"product_cat","embeddable":true,"href":"https:\/\/lafontanageraci.it\/en\/wp-json\/wp\/v2\/product_cat?post=3361"},{"taxonomy":"product_tag","embeddable":true,"href":"https:\/\/lafontanageraci.it\/en\/wp-json\/wp\/v2\/product_tag?post=3361"},{"taxonomy":"woo-feed-brand","embeddable":true,"href":"https:\/\/lafontanageraci.it\/en\/wp-json\/wp\/v2\/woo-feed-brand?post=3361"}],"curies":[{"name":"wp","href":"https:\/\/api.w.org\/{rel}","templated":true}]}}