{"id":3101,"date":"2020-03-09T17:14:14","date_gmt":"2020-03-09T16:14:14","guid":{"rendered":"http:\/\/lafontanageraci.it\/wordpress\/?post_type=product&#038;p=3101"},"modified":"2025-10-04T02:45:20","modified_gmt":"2025-10-04T00:45:20","slug":"amaro-corradino-alle-erbe-e-manna-2-litri","status":"publish","type":"product","link":"https:\/\/lafontanageraci.it\/en\/product\/amaro-corradino-alle-erbe-e-manna-2-litri\/","title":{"rendered":"Amaro Corradino with herbs and Manna 2 liters"},"content":{"rendered":"","protected":false},"excerpt":{"rendered":"<p class=\"translation-block\"><strong> Amaro Corradino <\/strong> comes from an ancient exclusive recipe of the Corradino brothers. It is prepared with highly selected and top quality genuine ingredients without the addition of caramel. The presence of <strong> Manna <\/strong> and <strong> nepetella <\/strong>, typical of the <strong> Madonie Park <\/strong>, make the Corradino bitter highly digestible.<\/p>\n<p>It is pleasant to taste it on any occasion.<\/p>\n<p>Amaro Corradino is excellent smooth, with ice, with seltz, in coffee, on ice cream or hot.<br \/>\nNe scoprirete il gusto unico ed inimitabile.<\/p>\n<p><strong>Ingredients:<\/strong> alcohol, sugar, natural flavors, manna, nepetella.<\/p>\n<p style=\"text-align: center;\"><a href=\"http:\/\/lafontanageraci.it\/en\/documenti\/scheda_amaroerbe.pdf\/\" target=\"_blank\" rel=\"noopener noreferrer\"><strong><img loading=\"lazy\" decoding=\"async\" class=\"alignnone wp-image-2809\" src=\"http:\/\/lafontanageraci.it\/wordpress\/wp-content\/uploads\/2020\/02\/file-pdf.png\" alt=\"\" width=\"26\" height=\"26\" \/>\u00a0 DOWNLOAD PRODUCT SHEET<\/strong><\/a><\/p>","protected":false},"featured_media":3102,"comment_status":"open","ping_status":"closed","template":"","meta":[],"product_brand":[],"product_cat":[66],"product_tag":[205,223,208,221,210,209,80,215,222,81,82,83,146,214,220,211,224],"woo-feed-brand":[],"class_list":{"0":"post-3101","1":"product","2":"type-product","3":"status-publish","4":"has-post-thumbnail","6":"product_cat-amari","7":"product_tag-amaro-alla-manna","8":"product_tag-amaro-alla-manna-proprieta","9":"product_tag-amaro-alle-erbe","10":"product_tag-amaro-alle-erbe-proprieta","11":"product_tag-amaro-delle-madonie","12":"product_tag-amaro-madonie","13":"product_tag-castelbuono","14":"product_tag-digestivo-alla-manna","15":"product_tag-digestivo-alle-erbe","16":"product_tag-geraci-siculo","17":"product_tag-la-fontana-di-corradino-franco","18":"product_tag-la-fontana-geraci","19":"product_tag-manna","20":"product_tag-manna-delle-madonie","21":"product_tag-nepetella","22":"product_tag-parco-delle-madonie","23":"product_tag-proprieta-manna","25":"first","26":"outofstock","27":"sale","28":"taxable","29":"shipping-taxable","30":"purchasable","31":"product-type-simple"},"yoast_head":"<!-- This site is optimized with the Yoast SEO plugin v27.1.1 - https:\/\/yoast.com\/product\/yoast-seo-wordpress\/ -->\n<title>Amaro Corradino alle erbe e Manna 2 litri - Azienda La Fontana di Geraci Siculo<\/title>\n<meta name=\"robots\" content=\"index, follow, max-snippet:-1, max-image-preview:large, max-video-preview:-1\" \/>\n<link rel=\"canonical\" href=\"https:\/\/lafontanageraci.it\/en\/product\/amaro-corradino-alle-erbe-e-manna-2-litri\/\" \/>\n<meta property=\"og:locale\" content=\"en_GB\" \/>\n<meta property=\"og:type\" content=\"article\" \/>\n<meta property=\"og:title\" content=\"Amaro Corradino alle erbe e Manna 2 litri - Azienda La Fontana di Geraci Siculo\" \/>\n<meta property=\"og:description\" content=\"L&#039;Amaro Corradino nasce da un&#039;antica ricetta esclusiva dei fratelli Corradino. \u00c8 preparato con ingredienti genuini altamente selezionati e di primissima qualit\u00e0 senza aggiunta di caramello. La presenza della Manna e della nepetella, tipici del Parco delle Madonie, rendono l&#039;amaro Corradino ad alta digeribilit\u00e0.  \u00c8 piacevole gustarlo in ogni occasione.  L&#039;Amaro Corradino \u00e8 ottimo liscio, con ghiaccio, con seltz, nel caff\u00e8, sul gelato oppure caldo. Ne scoprirete il gusto unico ed inimitabile.  Ingredienti: alcool, zucchero, aromi naturali, manna, nepetella. \u00a0 SCARICA SCHEDA PRODOTTO\" \/>\n<meta property=\"og:url\" content=\"https:\/\/lafontanageraci.it\/en\/product\/amaro-corradino-alle-erbe-e-manna-2-litri\/\" \/>\n<meta property=\"og:site_name\" content=\"Azienda La Fontana di Geraci Siculo\" \/>\n<meta property=\"article:publisher\" content=\"https:\/\/www.facebook.com\/lafontanageraci\/\" \/>\n<meta property=\"article:modified_time\" content=\"2025-10-04T00:45:20+00:00\" \/>\n<meta property=\"og:image\" content=\"https:\/\/lafontanageraci.it\/wordpress\/wp-content\/uploads\/2020\/03\/amaro-corradino-erbe-manna-2lt-lafontana-geraci-001.jpg\" \/>\n\t<meta property=\"og:image:width\" content=\"1000\" \/>\n\t<meta property=\"og:image:height\" content=\"1000\" \/>\n\t<meta property=\"og:image:type\" content=\"image\/jpeg\" \/>\n<meta name=\"twitter:card\" content=\"summary_large_image\" \/>\n<meta name=\"twitter:label1\" content=\"Estimated reading time\" \/>\n\t<meta name=\"twitter:data1\" content=\"1 minute\" \/>\n<script type=\"application\/ld+json\" class=\"yoast-schema-graph\">{\"@context\":\"https:\/\/schema.org\",\"@graph\":[{\"@type\":\"WebPage\",\"@id\":\"https:\/\/lafontanageraci.it\/product\/amaro-corradino-alle-erbe-e-manna-2-litri\/\",\"url\":\"https:\/\/lafontanageraci.it\/product\/amaro-corradino-alle-erbe-e-manna-2-litri\/\",\"name\":\"Amaro Corradino alle erbe e Manna 2 litri - Azienda La Fontana di Geraci Siculo\",\"isPartOf\":{\"@id\":\"https:\/\/lafontanageraci.it\/#website\"},\"primaryImageOfPage\":{\"@id\":\"https:\/\/lafontanageraci.it\/product\/amaro-corradino-alle-erbe-e-manna-2-litri\/#primaryimage\"},\"image\":{\"@id\":\"https:\/\/lafontanageraci.it\/product\/amaro-corradino-alle-erbe-e-manna-2-litri\/#primaryimage\"},\"thumbnailUrl\":\"https:\/\/lafontanageraci.it\/wordpress\/wp-content\/uploads\/2020\/03\/amaro-corradino-erbe-manna-2lt-lafontana-geraci-001.jpg\",\"datePublished\":\"2020-03-09T16:14:14+00:00\",\"dateModified\":\"2025-10-04T00:45:20+00:00\",\"breadcrumb\":{\"@id\":\"https:\/\/lafontanageraci.it\/product\/amaro-corradino-alle-erbe-e-manna-2-litri\/#breadcrumb\"},\"inLanguage\":\"en-GB\",\"potentialAction\":[{\"@type\":\"ReadAction\",\"target\":[\"https:\/\/lafontanageraci.it\/product\/amaro-corradino-alle-erbe-e-manna-2-litri\/\"]}]},{\"@type\":\"ImageObject\",\"inLanguage\":\"en-GB\",\"@id\":\"https:\/\/lafontanageraci.it\/product\/amaro-corradino-alle-erbe-e-manna-2-litri\/#primaryimage\",\"url\":\"https:\/\/lafontanageraci.it\/wordpress\/wp-content\/uploads\/2020\/03\/amaro-corradino-erbe-manna-2lt-lafontana-geraci-001.jpg\",\"contentUrl\":\"https:\/\/lafontanageraci.it\/wordpress\/wp-content\/uploads\/2020\/03\/amaro-corradino-erbe-manna-2lt-lafontana-geraci-001.jpg\",\"width\":1000,\"height\":1000},{\"@type\":\"BreadcrumbList\",\"@id\":\"https:\/\/lafontanageraci.it\/product\/amaro-corradino-alle-erbe-e-manna-2-litri\/#breadcrumb\",\"itemListElement\":[{\"@type\":\"ListItem\",\"position\":1,\"name\":\"Home\",\"item\":\"https:\/\/lafontanageraci.it\/\"},{\"@type\":\"ListItem\",\"position\":2,\"name\":\"Shop\",\"item\":\"https:\/\/lafontanageraci.it\/negozio\/\"},{\"@type\":\"ListItem\",\"position\":3,\"name\":\"Amaro Corradino alle erbe e Manna 2 litri\"}]},{\"@type\":\"WebSite\",\"@id\":\"https:\/\/lafontanageraci.it\/#website\",\"url\":\"https:\/\/lafontanageraci.it\/\",\"name\":\"Azienda La Fontana di Geraci Siculo\",\"description\":\"Produzione e imbottigliamento Bevande di fantasia a base di vino di qualit\u00e0 superiore\",\"potentialAction\":[{\"@type\":\"SearchAction\",\"target\":{\"@type\":\"EntryPoint\",\"urlTemplate\":\"https:\/\/lafontanageraci.it\/?s={search_term_string}\"},\"query-input\":{\"@type\":\"PropertyValueSpecification\",\"valueRequired\":true,\"valueName\":\"search_term_string\"}}],\"inLanguage\":\"en-GB\"}]}<\/script>\n<!-- \/ Yoast SEO plugin. -->","yoast_head_json":{"title":"Amaro Corradino alle erbe e Manna 2 litri - Azienda La Fontana di Geraci Siculo","robots":{"index":"index","follow":"follow","max-snippet":"max-snippet:-1","max-image-preview":"max-image-preview:large","max-video-preview":"max-video-preview:-1"},"canonical":"https:\/\/lafontanageraci.it\/en\/product\/amaro-corradino-alle-erbe-e-manna-2-litri\/","og_locale":"en_GB","og_type":"article","og_title":"Amaro Corradino alle erbe e Manna 2 litri - Azienda La Fontana di Geraci Siculo","og_description":"L'Amaro Corradino nasce da un'antica ricetta esclusiva dei fratelli Corradino. \u00c8 preparato con ingredienti genuini altamente selezionati e di primissima qualit\u00e0 senza aggiunta di caramello. La presenza della Manna e della nepetella, tipici del Parco delle Madonie, rendono l'amaro Corradino ad alta digeribilit\u00e0.  \u00c8 piacevole gustarlo in ogni occasione.  L'Amaro Corradino \u00e8 ottimo liscio, con ghiaccio, con seltz, nel caff\u00e8, sul gelato oppure caldo. Ne scoprirete il gusto unico ed inimitabile.  Ingredienti: alcool, zucchero, aromi naturali, manna, nepetella. \u00a0 SCARICA SCHEDA PRODOTTO","og_url":"https:\/\/lafontanageraci.it\/en\/product\/amaro-corradino-alle-erbe-e-manna-2-litri\/","og_site_name":"Azienda La Fontana di Geraci Siculo","article_publisher":"https:\/\/www.facebook.com\/lafontanageraci\/","article_modified_time":"2025-10-04T00:45:20+00:00","og_image":[{"width":1000,"height":1000,"url":"https:\/\/lafontanageraci.it\/wordpress\/wp-content\/uploads\/2020\/03\/amaro-corradino-erbe-manna-2lt-lafontana-geraci-001.jpg","type":"image\/jpeg"}],"twitter_card":"summary_large_image","twitter_misc":{"Estimated reading time":"1 minute"},"schema":{"@context":"https:\/\/schema.org","@graph":[{"@type":"WebPage","@id":"https:\/\/lafontanageraci.it\/product\/amaro-corradino-alle-erbe-e-manna-2-litri\/","url":"https:\/\/lafontanageraci.it\/product\/amaro-corradino-alle-erbe-e-manna-2-litri\/","name":"Amaro Corradino alle erbe e Manna 2 litri - Azienda La Fontana di Geraci Siculo","isPartOf":{"@id":"https:\/\/lafontanageraci.it\/#website"},"primaryImageOfPage":{"@id":"https:\/\/lafontanageraci.it\/product\/amaro-corradino-alle-erbe-e-manna-2-litri\/#primaryimage"},"image":{"@id":"https:\/\/lafontanageraci.it\/product\/amaro-corradino-alle-erbe-e-manna-2-litri\/#primaryimage"},"thumbnailUrl":"https:\/\/lafontanageraci.it\/wordpress\/wp-content\/uploads\/2020\/03\/amaro-corradino-erbe-manna-2lt-lafontana-geraci-001.jpg","datePublished":"2020-03-09T16:14:14+00:00","dateModified":"2025-10-04T00:45:20+00:00","breadcrumb":{"@id":"https:\/\/lafontanageraci.it\/product\/amaro-corradino-alle-erbe-e-manna-2-litri\/#breadcrumb"},"inLanguage":"en-GB","potentialAction":[{"@type":"ReadAction","target":["https:\/\/lafontanageraci.it\/product\/amaro-corradino-alle-erbe-e-manna-2-litri\/"]}]},{"@type":"ImageObject","inLanguage":"en-GB","@id":"https:\/\/lafontanageraci.it\/product\/amaro-corradino-alle-erbe-e-manna-2-litri\/#primaryimage","url":"https:\/\/lafontanageraci.it\/wordpress\/wp-content\/uploads\/2020\/03\/amaro-corradino-erbe-manna-2lt-lafontana-geraci-001.jpg","contentUrl":"https:\/\/lafontanageraci.it\/wordpress\/wp-content\/uploads\/2020\/03\/amaro-corradino-erbe-manna-2lt-lafontana-geraci-001.jpg","width":1000,"height":1000},{"@type":"BreadcrumbList","@id":"https:\/\/lafontanageraci.it\/product\/amaro-corradino-alle-erbe-e-manna-2-litri\/#breadcrumb","itemListElement":[{"@type":"ListItem","position":1,"name":"Home","item":"https:\/\/lafontanageraci.it\/"},{"@type":"ListItem","position":2,"name":"Shop","item":"https:\/\/lafontanageraci.it\/negozio\/"},{"@type":"ListItem","position":3,"name":"Amaro Corradino alle erbe e Manna 2 litri"}]},{"@type":"WebSite","@id":"https:\/\/lafontanageraci.it\/#website","url":"https:\/\/lafontanageraci.it\/","name":"Azienda La Fontana di Geraci Siculo","description":"Produzione e imbottigliamento Bevande di fantasia a base di vino di qualit\u00e0 superiore","potentialAction":[{"@type":"SearchAction","target":{"@type":"EntryPoint","urlTemplate":"https:\/\/lafontanageraci.it\/?s={search_term_string}"},"query-input":{"@type":"PropertyValueSpecification","valueRequired":true,"valueName":"search_term_string"}}],"inLanguage":"en-GB"}]}},"_links":{"self":[{"href":"https:\/\/lafontanageraci.it\/en\/wp-json\/wp\/v2\/product\/3101","targetHints":{"allow":["GET"]}}],"collection":[{"href":"https:\/\/lafontanageraci.it\/en\/wp-json\/wp\/v2\/product"}],"about":[{"href":"https:\/\/lafontanageraci.it\/en\/wp-json\/wp\/v2\/types\/product"}],"replies":[{"embeddable":true,"href":"https:\/\/lafontanageraci.it\/en\/wp-json\/wp\/v2\/comments?post=3101"}],"wp:featuredmedia":[{"embeddable":true,"href":"https:\/\/lafontanageraci.it\/en\/wp-json\/wp\/v2\/media\/3102"}],"wp:attachment":[{"href":"https:\/\/lafontanageraci.it\/en\/wp-json\/wp\/v2\/media?parent=3101"}],"wp:term":[{"taxonomy":"product_brand","embeddable":true,"href":"https:\/\/lafontanageraci.it\/en\/wp-json\/wp\/v2\/product_brand?post=3101"},{"taxonomy":"product_cat","embeddable":true,"href":"https:\/\/lafontanageraci.it\/en\/wp-json\/wp\/v2\/product_cat?post=3101"},{"taxonomy":"product_tag","embeddable":true,"href":"https:\/\/lafontanageraci.it\/en\/wp-json\/wp\/v2\/product_tag?post=3101"},{"taxonomy":"woo-feed-brand","embeddable":true,"href":"https:\/\/lafontanageraci.it\/en\/wp-json\/wp\/v2\/woo-feed-brand?post=3101"}],"curies":[{"name":"wp","href":"https:\/\/api.w.org\/{rel}","templated":true}]}}