{"id":2827,"date":"2020-02-01T16:28:52","date_gmt":"2020-02-01T15:28:52","guid":{"rendered":"http:\/\/lafontanageraci.it\/wordpress\/?post_type=product&#038;p=2827"},"modified":"2025-11-15T16:14:01","modified_gmt":"2025-11-15T15:14:01","slug":"amaro-elisir-del-carabiniere-al-carciofo-e-manna","status":"publish","type":"product","link":"https:\/\/lafontanageraci.it\/en\/product\/amaro-elisir-del-carabiniere-al-carciofo-e-manna\/","title":{"rendered":"Amaro Elisir del Carabiniere al carciofo e manna"},"content":{"rendered":"","protected":false},"excerpt":{"rendered":"<p><strong>Amaro Elisir del Carabiniere al Carciofo e Manna &#8211; bottiglia di vetro da 700 ml.<\/strong><\/p>\n<p>From the research of rigorously selected ingredients, as well as from the passion to offer a truly genuine product, this exquisite Amaro Elisir del Carabiniere was born, unmistakable in taste and fragrance.<\/p>\n<p>Excellent smooth, with ice, in coffee, excellent as a digestive.<\/p>\n<p><strong>Ingredients:<\/strong> alcool, zucchero, aromi naturali, carciofo, manna.<\/p>\n<p>Elisir del Carabiniere is a registered trademark owned by \"La Fontana di Corradino Franco\".<\/p>","protected":false},"featured_media":4958,"comment_status":"open","ping_status":"closed","template":"","meta":[],"product_brand":[],"product_cat":[66],"product_tag":[208,267,537,535,269,534,268,536],"woo-feed-brand":[],"class_list":{"0":"post-2827","1":"product","2":"type-product","3":"status-publish","4":"has-post-thumbnail","6":"product_cat-amari","7":"product_tag-amaro-alle-erbe","8":"product_tag-amaro-del-carabiniere","9":"product_tag-amaro-del-carabiniere-costo","10":"product_tag-amaro-del-carabiniere-vendita-online","11":"product_tag-amaro-siciliano","12":"product_tag-dove-comprare-lamaro-del-carabiniere","13":"product_tag-elisir-del-carabiniere","14":"product_tag-liquore-amaro-del-carabiniere","16":"first","17":"instock","18":"sale","19":"featured","20":"taxable","21":"shipping-taxable","22":"purchasable","23":"product-type-simple"},"yoast_head":"<!-- This site is optimized with the Yoast SEO plugin v27.1.1 - https:\/\/yoast.com\/product\/yoast-seo-wordpress\/ -->\n<title>Amaro Elisir del Carabiniere al carciofo e manna - Azienda La Fontana di Geraci Siculo<\/title>\n<meta name=\"robots\" content=\"index, follow, max-snippet:-1, max-image-preview:large, max-video-preview:-1\" \/>\n<link rel=\"canonical\" href=\"https:\/\/lafontanageraci.it\/en\/product\/amaro-elisir-del-carabiniere-al-carciofo-e-manna\/\" \/>\n<meta property=\"og:locale\" content=\"en_GB\" \/>\n<meta property=\"og:type\" content=\"article\" \/>\n<meta property=\"og:title\" content=\"Amaro Elisir del Carabiniere al carciofo e manna - Azienda La Fontana di Geraci Siculo\" \/>\n<meta property=\"og:description\" content=\"Amaro Elisir del Carabiniere al Carciofo e Manna - bottiglia di vetro da 700 ml.  Dalla ricerca di ingredienti rigorosamente selezionati, nonch\u00e9 dalla passione di offrire un prodotto veramente genuino, nasce questo squisito Amaro Elisir del Carabiniere, inconfondibile per gusto e fragranza.  Ottimo liscio, con ghiaccio, nel caff\u00e8, eccellente come digestivo.  Ingredienti: alcool, zucchero, aromi naturali, carciofo, manna.  Elisir del Carabiniere \u00e8 un marchio registrato di propriet\u00e0 di &quot;La Fontana di Corradino Franco&quot;.\" \/>\n<meta property=\"og:url\" content=\"https:\/\/lafontanageraci.it\/en\/product\/amaro-elisir-del-carabiniere-al-carciofo-e-manna\/\" \/>\n<meta property=\"og:site_name\" content=\"Azienda La Fontana di Geraci Siculo\" \/>\n<meta property=\"article:publisher\" content=\"https:\/\/www.facebook.com\/lafontanageraci\/\" \/>\n<meta property=\"article:modified_time\" content=\"2025-11-15T15:14:01+00:00\" \/>\n<meta property=\"og:image\" content=\"https:\/\/lafontanageraci.it\/wordpress\/wp-content\/uploads\/2022\/12\/amaro-elisir-del-carabiniere-al-carciofo-e-manna.jpg\" \/>\n\t<meta property=\"og:image:width\" content=\"1200\" \/>\n\t<meta property=\"og:image:height\" content=\"1200\" \/>\n\t<meta property=\"og:image:type\" content=\"image\/jpeg\" \/>\n<meta name=\"twitter:card\" content=\"summary_large_image\" \/>\n<meta name=\"twitter:label1\" content=\"Estimated reading time\" \/>\n\t<meta name=\"twitter:data1\" content=\"1 minute\" \/>\n<script type=\"application\/ld+json\" class=\"yoast-schema-graph\">{\"@context\":\"https:\/\/schema.org\",\"@graph\":[{\"@type\":\"WebPage\",\"@id\":\"https:\/\/lafontanageraci.it\/product\/amaro-elisir-del-carabiniere-al-carciofo-e-manna\/\",\"url\":\"https:\/\/lafontanageraci.it\/product\/amaro-elisir-del-carabiniere-al-carciofo-e-manna\/\",\"name\":\"Amaro Elisir del Carabiniere al carciofo e manna - Azienda La Fontana di Geraci Siculo\",\"isPartOf\":{\"@id\":\"https:\/\/lafontanageraci.it\/#website\"},\"primaryImageOfPage\":{\"@id\":\"https:\/\/lafontanageraci.it\/product\/amaro-elisir-del-carabiniere-al-carciofo-e-manna\/#primaryimage\"},\"image\":{\"@id\":\"https:\/\/lafontanageraci.it\/product\/amaro-elisir-del-carabiniere-al-carciofo-e-manna\/#primaryimage\"},\"thumbnailUrl\":\"https:\/\/lafontanageraci.it\/wordpress\/wp-content\/uploads\/2022\/12\/amaro-elisir-del-carabiniere-al-carciofo-e-manna.jpg\",\"datePublished\":\"2020-02-01T15:28:52+00:00\",\"dateModified\":\"2025-11-15T15:14:01+00:00\",\"breadcrumb\":{\"@id\":\"https:\/\/lafontanageraci.it\/product\/amaro-elisir-del-carabiniere-al-carciofo-e-manna\/#breadcrumb\"},\"inLanguage\":\"en-GB\",\"potentialAction\":[{\"@type\":\"ReadAction\",\"target\":[\"https:\/\/lafontanageraci.it\/product\/amaro-elisir-del-carabiniere-al-carciofo-e-manna\/\"]}]},{\"@type\":\"ImageObject\",\"inLanguage\":\"en-GB\",\"@id\":\"https:\/\/lafontanageraci.it\/product\/amaro-elisir-del-carabiniere-al-carciofo-e-manna\/#primaryimage\",\"url\":\"https:\/\/lafontanageraci.it\/wordpress\/wp-content\/uploads\/2022\/12\/amaro-elisir-del-carabiniere-al-carciofo-e-manna.jpg\",\"contentUrl\":\"https:\/\/lafontanageraci.it\/wordpress\/wp-content\/uploads\/2022\/12\/amaro-elisir-del-carabiniere-al-carciofo-e-manna.jpg\",\"width\":1200,\"height\":1200},{\"@type\":\"BreadcrumbList\",\"@id\":\"https:\/\/lafontanageraci.it\/product\/amaro-elisir-del-carabiniere-al-carciofo-e-manna\/#breadcrumb\",\"itemListElement\":[{\"@type\":\"ListItem\",\"position\":1,\"name\":\"Home\",\"item\":\"https:\/\/lafontanageraci.it\/\"},{\"@type\":\"ListItem\",\"position\":2,\"name\":\"Shop\",\"item\":\"https:\/\/lafontanageraci.it\/negozio\/\"},{\"@type\":\"ListItem\",\"position\":3,\"name\":\"Amaro Elisir del Carabiniere al carciofo e manna\"}]},{\"@type\":\"WebSite\",\"@id\":\"https:\/\/lafontanageraci.it\/#website\",\"url\":\"https:\/\/lafontanageraci.it\/\",\"name\":\"Azienda La Fontana di Geraci Siculo\",\"description\":\"Produzione e imbottigliamento Bevande di fantasia a base di vino di qualit\u00e0 superiore\",\"potentialAction\":[{\"@type\":\"SearchAction\",\"target\":{\"@type\":\"EntryPoint\",\"urlTemplate\":\"https:\/\/lafontanageraci.it\/?s={search_term_string}\"},\"query-input\":{\"@type\":\"PropertyValueSpecification\",\"valueRequired\":true,\"valueName\":\"search_term_string\"}}],\"inLanguage\":\"en-GB\"}]}<\/script>\n<!-- \/ Yoast SEO plugin. -->","yoast_head_json":{"title":"Amaro Elisir del Carabiniere al carciofo e manna - Azienda La Fontana di Geraci Siculo","robots":{"index":"index","follow":"follow","max-snippet":"max-snippet:-1","max-image-preview":"max-image-preview:large","max-video-preview":"max-video-preview:-1"},"canonical":"https:\/\/lafontanageraci.it\/en\/product\/amaro-elisir-del-carabiniere-al-carciofo-e-manna\/","og_locale":"en_GB","og_type":"article","og_title":"Amaro Elisir del Carabiniere al carciofo e manna - Azienda La Fontana di Geraci Siculo","og_description":"Amaro Elisir del Carabiniere al Carciofo e Manna - bottiglia di vetro da 700 ml.  Dalla ricerca di ingredienti rigorosamente selezionati, nonch\u00e9 dalla passione di offrire un prodotto veramente genuino, nasce questo squisito Amaro Elisir del Carabiniere, inconfondibile per gusto e fragranza.  Ottimo liscio, con ghiaccio, nel caff\u00e8, eccellente come digestivo.  Ingredienti: alcool, zucchero, aromi naturali, carciofo, manna.  Elisir del Carabiniere \u00e8 un marchio registrato di propriet\u00e0 di \"La Fontana di Corradino Franco\".","og_url":"https:\/\/lafontanageraci.it\/en\/product\/amaro-elisir-del-carabiniere-al-carciofo-e-manna\/","og_site_name":"Azienda La Fontana di Geraci Siculo","article_publisher":"https:\/\/www.facebook.com\/lafontanageraci\/","article_modified_time":"2025-11-15T15:14:01+00:00","og_image":[{"width":1200,"height":1200,"url":"https:\/\/lafontanageraci.it\/wordpress\/wp-content\/uploads\/2022\/12\/amaro-elisir-del-carabiniere-al-carciofo-e-manna.jpg","type":"image\/jpeg"}],"twitter_card":"summary_large_image","twitter_misc":{"Estimated reading time":"1 minute"},"schema":{"@context":"https:\/\/schema.org","@graph":[{"@type":"WebPage","@id":"https:\/\/lafontanageraci.it\/product\/amaro-elisir-del-carabiniere-al-carciofo-e-manna\/","url":"https:\/\/lafontanageraci.it\/product\/amaro-elisir-del-carabiniere-al-carciofo-e-manna\/","name":"Amaro Elisir del Carabiniere al carciofo e manna - Azienda La Fontana di Geraci Siculo","isPartOf":{"@id":"https:\/\/lafontanageraci.it\/#website"},"primaryImageOfPage":{"@id":"https:\/\/lafontanageraci.it\/product\/amaro-elisir-del-carabiniere-al-carciofo-e-manna\/#primaryimage"},"image":{"@id":"https:\/\/lafontanageraci.it\/product\/amaro-elisir-del-carabiniere-al-carciofo-e-manna\/#primaryimage"},"thumbnailUrl":"https:\/\/lafontanageraci.it\/wordpress\/wp-content\/uploads\/2022\/12\/amaro-elisir-del-carabiniere-al-carciofo-e-manna.jpg","datePublished":"2020-02-01T15:28:52+00:00","dateModified":"2025-11-15T15:14:01+00:00","breadcrumb":{"@id":"https:\/\/lafontanageraci.it\/product\/amaro-elisir-del-carabiniere-al-carciofo-e-manna\/#breadcrumb"},"inLanguage":"en-GB","potentialAction":[{"@type":"ReadAction","target":["https:\/\/lafontanageraci.it\/product\/amaro-elisir-del-carabiniere-al-carciofo-e-manna\/"]}]},{"@type":"ImageObject","inLanguage":"en-GB","@id":"https:\/\/lafontanageraci.it\/product\/amaro-elisir-del-carabiniere-al-carciofo-e-manna\/#primaryimage","url":"https:\/\/lafontanageraci.it\/wordpress\/wp-content\/uploads\/2022\/12\/amaro-elisir-del-carabiniere-al-carciofo-e-manna.jpg","contentUrl":"https:\/\/lafontanageraci.it\/wordpress\/wp-content\/uploads\/2022\/12\/amaro-elisir-del-carabiniere-al-carciofo-e-manna.jpg","width":1200,"height":1200},{"@type":"BreadcrumbList","@id":"https:\/\/lafontanageraci.it\/product\/amaro-elisir-del-carabiniere-al-carciofo-e-manna\/#breadcrumb","itemListElement":[{"@type":"ListItem","position":1,"name":"Home","item":"https:\/\/lafontanageraci.it\/"},{"@type":"ListItem","position":2,"name":"Shop","item":"https:\/\/lafontanageraci.it\/negozio\/"},{"@type":"ListItem","position":3,"name":"Amaro Elisir del Carabiniere al carciofo e manna"}]},{"@type":"WebSite","@id":"https:\/\/lafontanageraci.it\/#website","url":"https:\/\/lafontanageraci.it\/","name":"Azienda La Fontana di Geraci Siculo","description":"Produzione e imbottigliamento Bevande di fantasia a base di vino di qualit\u00e0 superiore","potentialAction":[{"@type":"SearchAction","target":{"@type":"EntryPoint","urlTemplate":"https:\/\/lafontanageraci.it\/?s={search_term_string}"},"query-input":{"@type":"PropertyValueSpecification","valueRequired":true,"valueName":"search_term_string"}}],"inLanguage":"en-GB"}]}},"_links":{"self":[{"href":"https:\/\/lafontanageraci.it\/en\/wp-json\/wp\/v2\/product\/2827","targetHints":{"allow":["GET"]}}],"collection":[{"href":"https:\/\/lafontanageraci.it\/en\/wp-json\/wp\/v2\/product"}],"about":[{"href":"https:\/\/lafontanageraci.it\/en\/wp-json\/wp\/v2\/types\/product"}],"replies":[{"embeddable":true,"href":"https:\/\/lafontanageraci.it\/en\/wp-json\/wp\/v2\/comments?post=2827"}],"wp:featuredmedia":[{"embeddable":true,"href":"https:\/\/lafontanageraci.it\/en\/wp-json\/wp\/v2\/media\/4958"}],"wp:attachment":[{"href":"https:\/\/lafontanageraci.it\/en\/wp-json\/wp\/v2\/media?parent=2827"}],"wp:term":[{"taxonomy":"product_brand","embeddable":true,"href":"https:\/\/lafontanageraci.it\/en\/wp-json\/wp\/v2\/product_brand?post=2827"},{"taxonomy":"product_cat","embeddable":true,"href":"https:\/\/lafontanageraci.it\/en\/wp-json\/wp\/v2\/product_cat?post=2827"},{"taxonomy":"product_tag","embeddable":true,"href":"https:\/\/lafontanageraci.it\/en\/wp-json\/wp\/v2\/product_tag?post=2827"},{"taxonomy":"woo-feed-brand","embeddable":true,"href":"https:\/\/lafontanageraci.it\/en\/wp-json\/wp\/v2\/woo-feed-brand?post=2827"}],"curies":[{"name":"wp","href":"https:\/\/api.w.org\/{rel}","templated":true}]}}