{"id":2820,"date":"2020-02-01T16:25:32","date_gmt":"2020-02-01T15:25:32","guid":{"rendered":"http:\/\/lafontanageraci.it\/wordpress\/?post_type=product&#038;p=2820"},"modified":"2026-04-06T11:30:16","modified_gmt":"2026-04-06T09:30:16","slug":"crema-mani-e-corpo-alla-manna-con-estratto-naturale-di-fico-dindia","status":"publish","type":"product","link":"https:\/\/lafontanageraci.it\/en\/product\/crema-mani-e-corpo-alla-manna-con-estratto-naturale-di-fico-dindia\/","title":{"rendered":"Manna hand and body cream with natural prickly pear extract"},"content":{"rendered":"","protected":false},"excerpt":{"rendered":"<p>Crema mani e corpo alla Manna con estratto naturale di Fico d&#8217;India. <strong>Vasetto da 100 ml<\/strong><\/p>\n<p>Excellent preventive of stretch marks and to make the skin soft, elastic, soft and white. It gives intense hydration: the manna adds tonicity to the skin and the prickly pear, rich in vitamin E, counteracts its aging.<\/p>\n<p>La manna \u00e8 il prodotto che si ottiene dalla solidificazione della linfa tramite incisione degli alberi di frassino (Fraxinus Orniello o Amolleo e Fraxinus Angustifolia detto Ossifillo). La linfa fuoriesce all\u2019esterno e si deposita sul tronco ed a contatto con l\u2019aria solidifica lentamente. \u00c8 conosciuta ed apprezzata fin dall\u2019antichit\u00e0 per le sue virt\u00f9 salutari e naturali.<\/p>\n<p><strong>Properties of hand and body cream:<\/strong> soothing; firming; moisturizing; nutritious; reparative.<\/p>\n<p><strong>Ingredients:<\/strong> aqua &#8211; water, fraxinus ornus (MANNA), cetearyl alcohol, ceteareth-3, tristearin, C10-C18, glycerides, propylene glycol, opuntia ficus indica extract, ethyl\u00a0 linoleate, sodium benzoate, 2 broo 2 nitro propan 1,3 diol, sodium dehydroacetate, parfum, citric acid allantoin.<\/p>","protected":false},"featured_media":3148,"comment_status":"open","ping_status":"closed","template":"","meta":[],"product_brand":[],"product_cat":[15,64],"product_tag":[80,181,182,184,187,188,179,180,183,186,185,81,82,83],"woo-feed-brand":[],"class_list":{"0":"post-2820","1":"product","2":"type-product","3":"status-publish","4":"has-post-thumbnail","6":"product_cat-cosmesi","7":"product_cat-manna","8":"product_tag-castelbuono","9":"product_tag-crema-corpo","10":"product_tag-crema-corpo-alla-manna","11":"product_tag-crema-corpo-fico-dindia","12":"product_tag-crema-corpo-idratante","13":"product_tag-crema-idratante-proprieta","14":"product_tag-crema-mani","15":"product_tag-crema-mani-alla-manna","16":"product_tag-crema-mani-fico-dindia","17":"product_tag-crema-mani-idratante","18":"product_tag-crema-mani-lenitiva","19":"product_tag-geraci-siculo","20":"product_tag-la-fontana-di-corradino-franco","21":"product_tag-la-fontana-geraci","23":"first","24":"instock","25":"sale","26":"taxable","27":"shipping-taxable","28":"purchasable","29":"product-type-simple"},"yoast_head":"<!-- This site is optimized with the Yoast SEO plugin v27.1.1 - https:\/\/yoast.com\/product\/yoast-seo-wordpress\/ -->\n<title>Crema mani e corpo alla Manna con estratto naturale di Fico d&#039;India - Azienda La Fontana di Geraci Siculo<\/title>\n<meta name=\"robots\" content=\"index, follow, max-snippet:-1, max-image-preview:large, max-video-preview:-1\" \/>\n<link rel=\"canonical\" href=\"https:\/\/lafontanageraci.it\/en\/product\/crema-mani-e-corpo-alla-manna-con-estratto-naturale-di-fico-dindia\/\" \/>\n<meta property=\"og:locale\" content=\"en_GB\" \/>\n<meta property=\"og:type\" content=\"article\" \/>\n<meta property=\"og:title\" content=\"Crema mani e corpo alla Manna con estratto naturale di Fico d&#039;India - Azienda La Fontana di Geraci Siculo\" \/>\n<meta property=\"og:description\" content=\"Crema mani e corpo alla Manna con estratto naturale di Fico d&#039;India. Vasetto da 100 ml  Ottimo preventivo delle smagliature e per rendere la pelle morbida, elastica, soffice e bianca. Dona un&#039;idratazione intensa: la manna aggiunge tonicit\u00e0 alla pelle e il fico d&#039;india, ricco di vitamina E, ne contrasta l&#039;invecchiamento.  La manna \u00e8 il prodotto che si ottiene dalla solidificazione della linfa tramite incisione degli alberi di frassino (Fraxinus Orniello o Amolleo e Fraxinus Angustifolia detto Ossifillo). La linfa fuoriesce all\u2019esterno e si deposita sul tronco ed a contatto con l\u2019aria solidifica lentamente. \u00c8 conosciuta ed apprezzata fin dall\u2019antichit\u00e0 per le sue virt\u00f9 salutari e naturali.  Propriet\u00e0 della crema mani e corpo: lenitiva; rassodante; idratante; nutriente; riparativa.  Ingredienti: aqua - water, fraxinus ornus (MANNA), cetearyl alcohol, ceteareth-3, tristearin, C10-C18, glycerides, propylene glycol, opuntia ficus indica extract, ethyl\u00a0 linoleate, sodium benzoate, 2 broo 2 nitro propan 1,3 diol, sodium dehydroacetate, parfum, citric acid allantoin.\" \/>\n<meta property=\"og:url\" content=\"https:\/\/lafontanageraci.it\/en\/product\/crema-mani-e-corpo-alla-manna-con-estratto-naturale-di-fico-dindia\/\" \/>\n<meta property=\"og:site_name\" content=\"Azienda La Fontana di Geraci Siculo\" \/>\n<meta property=\"article:publisher\" content=\"https:\/\/www.facebook.com\/lafontanageraci\/\" \/>\n<meta property=\"article:modified_time\" content=\"2026-04-06T09:30:16+00:00\" \/>\n<meta property=\"og:image\" content=\"https:\/\/lafontanageraci.it\/wordpress\/wp-content\/uploads\/2020\/02\/crema-mani-corpo-alla-manna-con-estratto-naturale-di-fico-d-india-la-fontana-geraci-castelbuono-001.jpg\" \/>\n\t<meta property=\"og:image:width\" content=\"1000\" \/>\n\t<meta property=\"og:image:height\" content=\"1000\" \/>\n\t<meta property=\"og:image:type\" content=\"image\/jpeg\" \/>\n<meta name=\"twitter:card\" content=\"summary_large_image\" \/>\n<script type=\"application\/ld+json\" class=\"yoast-schema-graph\">{\"@context\":\"https:\/\/schema.org\",\"@graph\":[{\"@type\":\"WebPage\",\"@id\":\"https:\/\/lafontanageraci.it\/product\/crema-mani-e-corpo-alla-manna-con-estratto-naturale-di-fico-dindia\/\",\"url\":\"https:\/\/lafontanageraci.it\/product\/crema-mani-e-corpo-alla-manna-con-estratto-naturale-di-fico-dindia\/\",\"name\":\"Crema mani e corpo alla Manna con estratto naturale di Fico d'India - Azienda La Fontana di Geraci Siculo\",\"isPartOf\":{\"@id\":\"https:\/\/lafontanageraci.it\/#website\"},\"primaryImageOfPage\":{\"@id\":\"https:\/\/lafontanageraci.it\/product\/crema-mani-e-corpo-alla-manna-con-estratto-naturale-di-fico-dindia\/#primaryimage\"},\"image\":{\"@id\":\"https:\/\/lafontanageraci.it\/product\/crema-mani-e-corpo-alla-manna-con-estratto-naturale-di-fico-dindia\/#primaryimage\"},\"thumbnailUrl\":\"https:\/\/lafontanageraci.it\/wordpress\/wp-content\/uploads\/2020\/02\/crema-mani-corpo-alla-manna-con-estratto-naturale-di-fico-d-india-la-fontana-geraci-castelbuono-001.jpg\",\"datePublished\":\"2020-02-01T15:25:32+00:00\",\"dateModified\":\"2026-04-06T09:30:16+00:00\",\"breadcrumb\":{\"@id\":\"https:\/\/lafontanageraci.it\/product\/crema-mani-e-corpo-alla-manna-con-estratto-naturale-di-fico-dindia\/#breadcrumb\"},\"inLanguage\":\"en-GB\",\"potentialAction\":[{\"@type\":\"ReadAction\",\"target\":[\"https:\/\/lafontanageraci.it\/product\/crema-mani-e-corpo-alla-manna-con-estratto-naturale-di-fico-dindia\/\"]}]},{\"@type\":\"ImageObject\",\"inLanguage\":\"en-GB\",\"@id\":\"https:\/\/lafontanageraci.it\/product\/crema-mani-e-corpo-alla-manna-con-estratto-naturale-di-fico-dindia\/#primaryimage\",\"url\":\"https:\/\/lafontanageraci.it\/wordpress\/wp-content\/uploads\/2020\/02\/crema-mani-corpo-alla-manna-con-estratto-naturale-di-fico-d-india-la-fontana-geraci-castelbuono-001.jpg\",\"contentUrl\":\"https:\/\/lafontanageraci.it\/wordpress\/wp-content\/uploads\/2020\/02\/crema-mani-corpo-alla-manna-con-estratto-naturale-di-fico-d-india-la-fontana-geraci-castelbuono-001.jpg\",\"width\":1000,\"height\":1000},{\"@type\":\"BreadcrumbList\",\"@id\":\"https:\/\/lafontanageraci.it\/product\/crema-mani-e-corpo-alla-manna-con-estratto-naturale-di-fico-dindia\/#breadcrumb\",\"itemListElement\":[{\"@type\":\"ListItem\",\"position\":1,\"name\":\"Home\",\"item\":\"https:\/\/lafontanageraci.it\/\"},{\"@type\":\"ListItem\",\"position\":2,\"name\":\"Shop\",\"item\":\"https:\/\/lafontanageraci.it\/negozio\/\"},{\"@type\":\"ListItem\",\"position\":3,\"name\":\"Crema mani e corpo alla Manna con estratto naturale di Fico d&#8217;India\"}]},{\"@type\":\"WebSite\",\"@id\":\"https:\/\/lafontanageraci.it\/#website\",\"url\":\"https:\/\/lafontanageraci.it\/\",\"name\":\"Azienda La Fontana di Geraci Siculo\",\"description\":\"Produzione e imbottigliamento Bevande di fantasia a base di vino di qualit\u00e0 superiore\",\"potentialAction\":[{\"@type\":\"SearchAction\",\"target\":{\"@type\":\"EntryPoint\",\"urlTemplate\":\"https:\/\/lafontanageraci.it\/?s={search_term_string}\"},\"query-input\":{\"@type\":\"PropertyValueSpecification\",\"valueRequired\":true,\"valueName\":\"search_term_string\"}}],\"inLanguage\":\"en-GB\"}]}<\/script>\n<!-- \/ Yoast SEO plugin. -->","yoast_head_json":{"title":"Crema mani e corpo alla Manna con estratto naturale di Fico d'India - Azienda La Fontana di Geraci Siculo","robots":{"index":"index","follow":"follow","max-snippet":"max-snippet:-1","max-image-preview":"max-image-preview:large","max-video-preview":"max-video-preview:-1"},"canonical":"https:\/\/lafontanageraci.it\/en\/product\/crema-mani-e-corpo-alla-manna-con-estratto-naturale-di-fico-dindia\/","og_locale":"en_GB","og_type":"article","og_title":"Crema mani e corpo alla Manna con estratto naturale di Fico d'India - Azienda La Fontana di Geraci Siculo","og_description":"Crema mani e corpo alla Manna con estratto naturale di Fico d'India. Vasetto da 100 ml  Ottimo preventivo delle smagliature e per rendere la pelle morbida, elastica, soffice e bianca. Dona un'idratazione intensa: la manna aggiunge tonicit\u00e0 alla pelle e il fico d'india, ricco di vitamina E, ne contrasta l'invecchiamento.  La manna \u00e8 il prodotto che si ottiene dalla solidificazione della linfa tramite incisione degli alberi di frassino (Fraxinus Orniello o Amolleo e Fraxinus Angustifolia detto Ossifillo). La linfa fuoriesce all\u2019esterno e si deposita sul tronco ed a contatto con l\u2019aria solidifica lentamente. \u00c8 conosciuta ed apprezzata fin dall\u2019antichit\u00e0 per le sue virt\u00f9 salutari e naturali.  Propriet\u00e0 della crema mani e corpo: lenitiva; rassodante; idratante; nutriente; riparativa.  Ingredienti: aqua - water, fraxinus ornus (MANNA), cetearyl alcohol, ceteareth-3, tristearin, C10-C18, glycerides, propylene glycol, opuntia ficus indica extract, ethyl\u00a0 linoleate, sodium benzoate, 2 broo 2 nitro propan 1,3 diol, sodium dehydroacetate, parfum, citric acid allantoin.","og_url":"https:\/\/lafontanageraci.it\/en\/product\/crema-mani-e-corpo-alla-manna-con-estratto-naturale-di-fico-dindia\/","og_site_name":"Azienda La Fontana di Geraci Siculo","article_publisher":"https:\/\/www.facebook.com\/lafontanageraci\/","article_modified_time":"2026-04-06T09:30:16+00:00","og_image":[{"width":1000,"height":1000,"url":"https:\/\/lafontanageraci.it\/wordpress\/wp-content\/uploads\/2020\/02\/crema-mani-corpo-alla-manna-con-estratto-naturale-di-fico-d-india-la-fontana-geraci-castelbuono-001.jpg","type":"image\/jpeg"}],"twitter_card":"summary_large_image","schema":{"@context":"https:\/\/schema.org","@graph":[{"@type":"WebPage","@id":"https:\/\/lafontanageraci.it\/product\/crema-mani-e-corpo-alla-manna-con-estratto-naturale-di-fico-dindia\/","url":"https:\/\/lafontanageraci.it\/product\/crema-mani-e-corpo-alla-manna-con-estratto-naturale-di-fico-dindia\/","name":"Crema mani e corpo alla Manna con estratto naturale di Fico d'India - Azienda La Fontana di Geraci Siculo","isPartOf":{"@id":"https:\/\/lafontanageraci.it\/#website"},"primaryImageOfPage":{"@id":"https:\/\/lafontanageraci.it\/product\/crema-mani-e-corpo-alla-manna-con-estratto-naturale-di-fico-dindia\/#primaryimage"},"image":{"@id":"https:\/\/lafontanageraci.it\/product\/crema-mani-e-corpo-alla-manna-con-estratto-naturale-di-fico-dindia\/#primaryimage"},"thumbnailUrl":"https:\/\/lafontanageraci.it\/wordpress\/wp-content\/uploads\/2020\/02\/crema-mani-corpo-alla-manna-con-estratto-naturale-di-fico-d-india-la-fontana-geraci-castelbuono-001.jpg","datePublished":"2020-02-01T15:25:32+00:00","dateModified":"2026-04-06T09:30:16+00:00","breadcrumb":{"@id":"https:\/\/lafontanageraci.it\/product\/crema-mani-e-corpo-alla-manna-con-estratto-naturale-di-fico-dindia\/#breadcrumb"},"inLanguage":"en-GB","potentialAction":[{"@type":"ReadAction","target":["https:\/\/lafontanageraci.it\/product\/crema-mani-e-corpo-alla-manna-con-estratto-naturale-di-fico-dindia\/"]}]},{"@type":"ImageObject","inLanguage":"en-GB","@id":"https:\/\/lafontanageraci.it\/product\/crema-mani-e-corpo-alla-manna-con-estratto-naturale-di-fico-dindia\/#primaryimage","url":"https:\/\/lafontanageraci.it\/wordpress\/wp-content\/uploads\/2020\/02\/crema-mani-corpo-alla-manna-con-estratto-naturale-di-fico-d-india-la-fontana-geraci-castelbuono-001.jpg","contentUrl":"https:\/\/lafontanageraci.it\/wordpress\/wp-content\/uploads\/2020\/02\/crema-mani-corpo-alla-manna-con-estratto-naturale-di-fico-d-india-la-fontana-geraci-castelbuono-001.jpg","width":1000,"height":1000},{"@type":"BreadcrumbList","@id":"https:\/\/lafontanageraci.it\/product\/crema-mani-e-corpo-alla-manna-con-estratto-naturale-di-fico-dindia\/#breadcrumb","itemListElement":[{"@type":"ListItem","position":1,"name":"Home","item":"https:\/\/lafontanageraci.it\/"},{"@type":"ListItem","position":2,"name":"Shop","item":"https:\/\/lafontanageraci.it\/negozio\/"},{"@type":"ListItem","position":3,"name":"Crema mani e corpo alla Manna con estratto naturale di Fico d&#8217;India"}]},{"@type":"WebSite","@id":"https:\/\/lafontanageraci.it\/#website","url":"https:\/\/lafontanageraci.it\/","name":"Azienda La Fontana di Geraci Siculo","description":"Produzione e imbottigliamento Bevande di fantasia a base di vino di qualit\u00e0 superiore","potentialAction":[{"@type":"SearchAction","target":{"@type":"EntryPoint","urlTemplate":"https:\/\/lafontanageraci.it\/?s={search_term_string}"},"query-input":{"@type":"PropertyValueSpecification","valueRequired":true,"valueName":"search_term_string"}}],"inLanguage":"en-GB"}]}},"_links":{"self":[{"href":"https:\/\/lafontanageraci.it\/en\/wp-json\/wp\/v2\/product\/2820","targetHints":{"allow":["GET"]}}],"collection":[{"href":"https:\/\/lafontanageraci.it\/en\/wp-json\/wp\/v2\/product"}],"about":[{"href":"https:\/\/lafontanageraci.it\/en\/wp-json\/wp\/v2\/types\/product"}],"replies":[{"embeddable":true,"href":"https:\/\/lafontanageraci.it\/en\/wp-json\/wp\/v2\/comments?post=2820"}],"wp:featuredmedia":[{"embeddable":true,"href":"https:\/\/lafontanageraci.it\/en\/wp-json\/wp\/v2\/media\/3148"}],"wp:attachment":[{"href":"https:\/\/lafontanageraci.it\/en\/wp-json\/wp\/v2\/media?parent=2820"}],"wp:term":[{"taxonomy":"product_brand","embeddable":true,"href":"https:\/\/lafontanageraci.it\/en\/wp-json\/wp\/v2\/product_brand?post=2820"},{"taxonomy":"product_cat","embeddable":true,"href":"https:\/\/lafontanageraci.it\/en\/wp-json\/wp\/v2\/product_cat?post=2820"},{"taxonomy":"product_tag","embeddable":true,"href":"https:\/\/lafontanageraci.it\/en\/wp-json\/wp\/v2\/product_tag?post=2820"},{"taxonomy":"woo-feed-brand","embeddable":true,"href":"https:\/\/lafontanageraci.it\/en\/wp-json\/wp\/v2\/woo-feed-brand?post=2820"}],"curies":[{"name":"wp","href":"https:\/\/api.w.org\/{rel}","templated":true}]}}