{"id":2817,"date":"2020-02-01T16:24:34","date_gmt":"2020-02-01T15:24:34","guid":{"rendered":"http:\/\/lafontanageraci.it\/wordpress\/?post_type=product&#038;p=2817"},"modified":"2026-04-06T11:30:16","modified_gmt":"2026-04-06T09:30:16","slug":"crema-viso-alla-manna-con-acido-ialuronico-ed-olio-essenziale-di-limone","status":"publish","type":"product","link":"https:\/\/lafontanageraci.it\/en\/product\/crema-viso-alla-manna-con-acido-ialuronico-ed-olio-essenziale-di-limone\/","title":{"rendered":"Manna face cream with hyaluronic acid and lemon essential oil"},"content":{"rendered":"","protected":false},"excerpt":{"rendered":"<p><strong>Manna face cream with hyaluronic acid and lemon essential oil<\/strong>. 50ml jar.<\/p>\n<p>Face cream with manna, essence of lemon and hyaluronic acid, a fundamental component of man's connective tissues.<br \/>\nIt gives the skin its particular properties of resistance and shape retention.<\/p>\n<p>La manna \u00e8 il prodotto che si ottiene dalla solidificazione della linfa tramite incisione degli alberi di frassino (Fraxinus Orniello o Amolleo e Fraxinus Angustifolia detto Ossifillo). La linfa fuoriesce all\u2019esterno e si deposita sul tronco ed a contatto con l\u2019aria solidifica lentamente. \u00c8 conosciuta ed apprezzata fin dall\u2019antichit\u00e0 per le sue virt\u00f9 salutari e naturali.<\/p>\n<p><strong>Face cream properties:<\/strong> soothing; protective; moisturizing; wrinkle; Lightening.<\/p>\n<p><strong>Ingredients:<\/strong> aqua &#8211; water, fraxinus ornus (MANNA), isopropyl myristate, isopropyl palmitate, hydrogenated lanolin, glycerin, cetearyl alcohol, ceteareth-3, tristearin, C10-C18 glycerides, sodium hyaluronate, ethyl linoleate, sodium benzoate, 2 bromo 2 nitro propan 1,3 diol, sodium dehydroacetate,parfum, citric acid, allantoin.<\/p>","protected":false},"featured_media":2979,"comment_status":"open","ping_status":"closed","template":"","meta":[],"product_brand":[],"product_cat":[15],"product_tag":[80,196,188,195,189,191,192,190,197,193,194,81,82,83],"woo-feed-brand":[],"class_list":{"0":"post-2817","1":"product","2":"type-product","3":"status-publish","4":"has-post-thumbnail","6":"product_cat-cosmesi","7":"product_tag-castelbuono","8":"product_tag-crema-idratante","9":"product_tag-crema-idratante-proprieta","10":"product_tag-crema-lenitiva","11":"product_tag-crema-viso","12":"product_tag-crema-viso-acido-ialuronico","13":"product_tag-crema-viso-agrumi","14":"product_tag-crema-viso-alla-manna","15":"product_tag-crema-viso-idratante","16":"product_tag-crema-viso-oli-essenziali-agrumi","17":"product_tag-crema-viso-olio-essenziale-limone","18":"product_tag-geraci-siculo","19":"product_tag-la-fontana-di-corradino-franco","20":"product_tag-la-fontana-geraci","22":"first","23":"instock","24":"sale","25":"taxable","26":"shipping-taxable","27":"purchasable","28":"product-type-simple"},"yoast_head":"<!-- This site is optimized with the Yoast SEO plugin v27.1.1 - https:\/\/yoast.com\/product\/yoast-seo-wordpress\/ -->\n<title>Crema viso alla Manna con Acido Ialuronico ed olio essenziale di Limone - Azienda La Fontana di Geraci Siculo<\/title>\n<meta name=\"robots\" content=\"index, follow, max-snippet:-1, max-image-preview:large, max-video-preview:-1\" \/>\n<link rel=\"canonical\" href=\"https:\/\/lafontanageraci.it\/en\/product\/crema-viso-alla-manna-con-acido-ialuronico-ed-olio-essenziale-di-limone\/\" \/>\n<meta property=\"og:locale\" content=\"en_GB\" \/>\n<meta property=\"og:type\" content=\"article\" \/>\n<meta property=\"og:title\" content=\"Crema viso alla Manna con Acido Ialuronico ed olio essenziale di Limone - Azienda La Fontana di Geraci Siculo\" \/>\n<meta property=\"og:description\" content=\"Crema viso alla Manna con Acido Ialuronico ed olio essenziale di Limone. Vasetto da 50ml.  Crema viso con manna, essenza di limone ed acido ialuronico, componente fondamentale dei tessuti connettivi dell&#039;uomo. Conferisce alla pelle quelle sue particolari propriet\u00e0 di resistenza e mantenimento della forma.  La manna \u00e8 il prodotto che si ottiene dalla solidificazione della linfa tramite incisione degli alberi di frassino (Fraxinus Orniello o Amolleo e Fraxinus Angustifolia detto Ossifillo). La linfa fuoriesce all\u2019esterno e si deposita sul tronco ed a contatto con l\u2019aria solidifica lentamente. \u00c8 conosciuta ed apprezzata fin dall\u2019antichit\u00e0 per le sue virt\u00f9 salutari e naturali.  Propriet\u00e0 della crema viso: Lenitiva; protettiva; idratante; anti-rughe; schiarente.  Ingredienti: aqua - water, fraxinus ornus (MANNA), isopropyl myristate, isopropyl palmitate, hydrogenated lanolin, glycerin, cetearyl alcohol, ceteareth-3, tristearin, C10-C18 glycerides, sodium hyaluronate, ethyl linoleate, sodium benzoate, 2 bromo 2 nitro propan 1,3 diol, sodium dehydroacetate,parfum, citric acid, allantoin.\" \/>\n<meta property=\"og:url\" content=\"https:\/\/lafontanageraci.it\/en\/product\/crema-viso-alla-manna-con-acido-ialuronico-ed-olio-essenziale-di-limone\/\" \/>\n<meta property=\"og:site_name\" content=\"Azienda La Fontana di Geraci Siculo\" \/>\n<meta property=\"article:publisher\" content=\"https:\/\/www.facebook.com\/lafontanageraci\/\" \/>\n<meta property=\"article:modified_time\" content=\"2026-04-06T09:30:16+00:00\" \/>\n<meta property=\"og:image\" content=\"https:\/\/lafontanageraci.it\/wordpress\/wp-content\/uploads\/2020\/02\/crema-viso-alla-manna-la-fontana-geraci-castelbuono-001.jpg\" \/>\n\t<meta property=\"og:image:width\" content=\"1000\" \/>\n\t<meta property=\"og:image:height\" content=\"1000\" \/>\n\t<meta property=\"og:image:type\" content=\"image\/jpeg\" \/>\n<meta name=\"twitter:card\" content=\"summary_large_image\" \/>\n<script type=\"application\/ld+json\" class=\"yoast-schema-graph\">{\"@context\":\"https:\/\/schema.org\",\"@graph\":[{\"@type\":\"WebPage\",\"@id\":\"https:\/\/lafontanageraci.it\/product\/crema-viso-alla-manna-con-acido-ialuronico-ed-olio-essenziale-di-limone\/\",\"url\":\"https:\/\/lafontanageraci.it\/product\/crema-viso-alla-manna-con-acido-ialuronico-ed-olio-essenziale-di-limone\/\",\"name\":\"Crema viso alla Manna con Acido Ialuronico ed olio essenziale di Limone - Azienda La Fontana di Geraci Siculo\",\"isPartOf\":{\"@id\":\"https:\/\/lafontanageraci.it\/#website\"},\"primaryImageOfPage\":{\"@id\":\"https:\/\/lafontanageraci.it\/product\/crema-viso-alla-manna-con-acido-ialuronico-ed-olio-essenziale-di-limone\/#primaryimage\"},\"image\":{\"@id\":\"https:\/\/lafontanageraci.it\/product\/crema-viso-alla-manna-con-acido-ialuronico-ed-olio-essenziale-di-limone\/#primaryimage\"},\"thumbnailUrl\":\"https:\/\/lafontanageraci.it\/wordpress\/wp-content\/uploads\/2020\/02\/crema-viso-alla-manna-la-fontana-geraci-castelbuono-001.jpg\",\"datePublished\":\"2020-02-01T15:24:34+00:00\",\"dateModified\":\"2026-04-06T09:30:16+00:00\",\"breadcrumb\":{\"@id\":\"https:\/\/lafontanageraci.it\/product\/crema-viso-alla-manna-con-acido-ialuronico-ed-olio-essenziale-di-limone\/#breadcrumb\"},\"inLanguage\":\"en-GB\",\"potentialAction\":[{\"@type\":\"ReadAction\",\"target\":[\"https:\/\/lafontanageraci.it\/product\/crema-viso-alla-manna-con-acido-ialuronico-ed-olio-essenziale-di-limone\/\"]}]},{\"@type\":\"ImageObject\",\"inLanguage\":\"en-GB\",\"@id\":\"https:\/\/lafontanageraci.it\/product\/crema-viso-alla-manna-con-acido-ialuronico-ed-olio-essenziale-di-limone\/#primaryimage\",\"url\":\"https:\/\/lafontanageraci.it\/wordpress\/wp-content\/uploads\/2020\/02\/crema-viso-alla-manna-la-fontana-geraci-castelbuono-001.jpg\",\"contentUrl\":\"https:\/\/lafontanageraci.it\/wordpress\/wp-content\/uploads\/2020\/02\/crema-viso-alla-manna-la-fontana-geraci-castelbuono-001.jpg\",\"width\":1000,\"height\":1000},{\"@type\":\"BreadcrumbList\",\"@id\":\"https:\/\/lafontanageraci.it\/product\/crema-viso-alla-manna-con-acido-ialuronico-ed-olio-essenziale-di-limone\/#breadcrumb\",\"itemListElement\":[{\"@type\":\"ListItem\",\"position\":1,\"name\":\"Home\",\"item\":\"https:\/\/lafontanageraci.it\/\"},{\"@type\":\"ListItem\",\"position\":2,\"name\":\"Shop\",\"item\":\"https:\/\/lafontanageraci.it\/negozio\/\"},{\"@type\":\"ListItem\",\"position\":3,\"name\":\"Crema viso alla Manna con Acido Ialuronico ed olio essenziale di Limone\"}]},{\"@type\":\"WebSite\",\"@id\":\"https:\/\/lafontanageraci.it\/#website\",\"url\":\"https:\/\/lafontanageraci.it\/\",\"name\":\"Azienda La Fontana di Geraci Siculo\",\"description\":\"Produzione e imbottigliamento Bevande di fantasia a base di vino di qualit\u00e0 superiore\",\"potentialAction\":[{\"@type\":\"SearchAction\",\"target\":{\"@type\":\"EntryPoint\",\"urlTemplate\":\"https:\/\/lafontanageraci.it\/?s={search_term_string}\"},\"query-input\":{\"@type\":\"PropertyValueSpecification\",\"valueRequired\":true,\"valueName\":\"search_term_string\"}}],\"inLanguage\":\"en-GB\"}]}<\/script>\n<!-- \/ Yoast SEO plugin. -->","yoast_head_json":{"title":"Crema viso alla Manna con Acido Ialuronico ed olio essenziale di Limone - Azienda La Fontana di Geraci Siculo","robots":{"index":"index","follow":"follow","max-snippet":"max-snippet:-1","max-image-preview":"max-image-preview:large","max-video-preview":"max-video-preview:-1"},"canonical":"https:\/\/lafontanageraci.it\/en\/product\/crema-viso-alla-manna-con-acido-ialuronico-ed-olio-essenziale-di-limone\/","og_locale":"en_GB","og_type":"article","og_title":"Crema viso alla Manna con Acido Ialuronico ed olio essenziale di Limone - Azienda La Fontana di Geraci Siculo","og_description":"Crema viso alla Manna con Acido Ialuronico ed olio essenziale di Limone. Vasetto da 50ml.  Crema viso con manna, essenza di limone ed acido ialuronico, componente fondamentale dei tessuti connettivi dell'uomo. Conferisce alla pelle quelle sue particolari propriet\u00e0 di resistenza e mantenimento della forma.  La manna \u00e8 il prodotto che si ottiene dalla solidificazione della linfa tramite incisione degli alberi di frassino (Fraxinus Orniello o Amolleo e Fraxinus Angustifolia detto Ossifillo). La linfa fuoriesce all\u2019esterno e si deposita sul tronco ed a contatto con l\u2019aria solidifica lentamente. \u00c8 conosciuta ed apprezzata fin dall\u2019antichit\u00e0 per le sue virt\u00f9 salutari e naturali.  Propriet\u00e0 della crema viso: Lenitiva; protettiva; idratante; anti-rughe; schiarente.  Ingredienti: aqua - water, fraxinus ornus (MANNA), isopropyl myristate, isopropyl palmitate, hydrogenated lanolin, glycerin, cetearyl alcohol, ceteareth-3, tristearin, C10-C18 glycerides, sodium hyaluronate, ethyl linoleate, sodium benzoate, 2 bromo 2 nitro propan 1,3 diol, sodium dehydroacetate,parfum, citric acid, allantoin.","og_url":"https:\/\/lafontanageraci.it\/en\/product\/crema-viso-alla-manna-con-acido-ialuronico-ed-olio-essenziale-di-limone\/","og_site_name":"Azienda La Fontana di Geraci Siculo","article_publisher":"https:\/\/www.facebook.com\/lafontanageraci\/","article_modified_time":"2026-04-06T09:30:16+00:00","og_image":[{"width":1000,"height":1000,"url":"https:\/\/lafontanageraci.it\/wordpress\/wp-content\/uploads\/2020\/02\/crema-viso-alla-manna-la-fontana-geraci-castelbuono-001.jpg","type":"image\/jpeg"}],"twitter_card":"summary_large_image","schema":{"@context":"https:\/\/schema.org","@graph":[{"@type":"WebPage","@id":"https:\/\/lafontanageraci.it\/product\/crema-viso-alla-manna-con-acido-ialuronico-ed-olio-essenziale-di-limone\/","url":"https:\/\/lafontanageraci.it\/product\/crema-viso-alla-manna-con-acido-ialuronico-ed-olio-essenziale-di-limone\/","name":"Crema viso alla Manna con Acido Ialuronico ed olio essenziale di Limone - Azienda La Fontana di Geraci Siculo","isPartOf":{"@id":"https:\/\/lafontanageraci.it\/#website"},"primaryImageOfPage":{"@id":"https:\/\/lafontanageraci.it\/product\/crema-viso-alla-manna-con-acido-ialuronico-ed-olio-essenziale-di-limone\/#primaryimage"},"image":{"@id":"https:\/\/lafontanageraci.it\/product\/crema-viso-alla-manna-con-acido-ialuronico-ed-olio-essenziale-di-limone\/#primaryimage"},"thumbnailUrl":"https:\/\/lafontanageraci.it\/wordpress\/wp-content\/uploads\/2020\/02\/crema-viso-alla-manna-la-fontana-geraci-castelbuono-001.jpg","datePublished":"2020-02-01T15:24:34+00:00","dateModified":"2026-04-06T09:30:16+00:00","breadcrumb":{"@id":"https:\/\/lafontanageraci.it\/product\/crema-viso-alla-manna-con-acido-ialuronico-ed-olio-essenziale-di-limone\/#breadcrumb"},"inLanguage":"en-GB","potentialAction":[{"@type":"ReadAction","target":["https:\/\/lafontanageraci.it\/product\/crema-viso-alla-manna-con-acido-ialuronico-ed-olio-essenziale-di-limone\/"]}]},{"@type":"ImageObject","inLanguage":"en-GB","@id":"https:\/\/lafontanageraci.it\/product\/crema-viso-alla-manna-con-acido-ialuronico-ed-olio-essenziale-di-limone\/#primaryimage","url":"https:\/\/lafontanageraci.it\/wordpress\/wp-content\/uploads\/2020\/02\/crema-viso-alla-manna-la-fontana-geraci-castelbuono-001.jpg","contentUrl":"https:\/\/lafontanageraci.it\/wordpress\/wp-content\/uploads\/2020\/02\/crema-viso-alla-manna-la-fontana-geraci-castelbuono-001.jpg","width":1000,"height":1000},{"@type":"BreadcrumbList","@id":"https:\/\/lafontanageraci.it\/product\/crema-viso-alla-manna-con-acido-ialuronico-ed-olio-essenziale-di-limone\/#breadcrumb","itemListElement":[{"@type":"ListItem","position":1,"name":"Home","item":"https:\/\/lafontanageraci.it\/"},{"@type":"ListItem","position":2,"name":"Shop","item":"https:\/\/lafontanageraci.it\/negozio\/"},{"@type":"ListItem","position":3,"name":"Crema viso alla Manna con Acido Ialuronico ed olio essenziale di Limone"}]},{"@type":"WebSite","@id":"https:\/\/lafontanageraci.it\/#website","url":"https:\/\/lafontanageraci.it\/","name":"Azienda La Fontana di Geraci Siculo","description":"Produzione e imbottigliamento Bevande di fantasia a base di vino di qualit\u00e0 superiore","potentialAction":[{"@type":"SearchAction","target":{"@type":"EntryPoint","urlTemplate":"https:\/\/lafontanageraci.it\/?s={search_term_string}"},"query-input":{"@type":"PropertyValueSpecification","valueRequired":true,"valueName":"search_term_string"}}],"inLanguage":"en-GB"}]}},"_links":{"self":[{"href":"https:\/\/lafontanageraci.it\/en\/wp-json\/wp\/v2\/product\/2817","targetHints":{"allow":["GET"]}}],"collection":[{"href":"https:\/\/lafontanageraci.it\/en\/wp-json\/wp\/v2\/product"}],"about":[{"href":"https:\/\/lafontanageraci.it\/en\/wp-json\/wp\/v2\/types\/product"}],"replies":[{"embeddable":true,"href":"https:\/\/lafontanageraci.it\/en\/wp-json\/wp\/v2\/comments?post=2817"}],"wp:featuredmedia":[{"embeddable":true,"href":"https:\/\/lafontanageraci.it\/en\/wp-json\/wp\/v2\/media\/2979"}],"wp:attachment":[{"href":"https:\/\/lafontanageraci.it\/en\/wp-json\/wp\/v2\/media?parent=2817"}],"wp:term":[{"taxonomy":"product_brand","embeddable":true,"href":"https:\/\/lafontanageraci.it\/en\/wp-json\/wp\/v2\/product_brand?post=2817"},{"taxonomy":"product_cat","embeddable":true,"href":"https:\/\/lafontanageraci.it\/en\/wp-json\/wp\/v2\/product_cat?post=2817"},{"taxonomy":"product_tag","embeddable":true,"href":"https:\/\/lafontanageraci.it\/en\/wp-json\/wp\/v2\/product_tag?post=2817"},{"taxonomy":"woo-feed-brand","embeddable":true,"href":"https:\/\/lafontanageraci.it\/en\/wp-json\/wp\/v2\/woo-feed-brand?post=2817"}],"curies":[{"name":"wp","href":"https:\/\/api.w.org\/{rel}","templated":true}]}}